{"id":6209,"date":"2024-08-08T14:30:39","date_gmt":"2024-08-08T12:30:39","guid":{"rendered":"https:\/\/www.skjak.no\/?page_id=6209"},"modified":"2024-08-08T14:31:25","modified_gmt":"2024-08-08T12:31:25","slug":"experience","status":"publish","type":"page","link":"https:\/\/www.skjak.no\/en\/experience\/","title":{"rendered":"Experience"},"content":{"rendered":"\n<p>We are proud of everything Skj\u00e5k has to offer. A municipality where large parts of nature are protected provides opportunities for extraordinary experiences. The national parks offer rich wildlife and fresh air. There is a wide range of activities available, whether you want to join organized programs or explore on your own. You can choose from simple mountain huts, farm stays, camping, or hotels. In Skj\u00e5k, you can create an experience tailored to your preferences.<\/p>\n\n\n\n<div class=\"wp-block-columns is-layout-flex wp-container-core-columns-is-layout-9d6595d7 wp-block-columns-is-layout-flex\">\n<div class=\"wp-block-column is-layout-flow wp-block-column-is-layout-flow\">\n<div class=\"wp-block-cover is-light\"><span aria-hidden=\"true\" class=\"wp-block-cover__background has-background-dim-30 has-background-dim\"><\/span><img loading=\"lazy\" decoding=\"async\" width=\"800\" height=\"1200\" class=\"wp-block-cover__image-background wp-image-753\" alt=\"\" src=\"https:\/\/www.skjak.no\/wp-content\/uploads\/2020\/11\/VB02975.jpg\" data-object-fit=\"cover\" srcset=\"https:\/\/www.skjak.no\/wp-content\/uploads\/2020\/11\/VB02975.jpg 800w, https:\/\/www.skjak.no\/wp-content\/uploads\/2020\/11\/VB02975-200x300.jpg 200w, https:\/\/www.skjak.no\/wp-content\/uploads\/2020\/11\/VB02975-683x1024.jpg 683w, https:\/\/www.skjak.no\/wp-content\/uploads\/2020\/11\/VB02975-768x1152.jpg 768w, https:\/\/www.skjak.no\/wp-content\/uploads\/2020\/11\/VB02975-333x500.jpg 333w, https:\/\/www.skjak.no\/wp-content\/uploads\/2020\/11\/VB02975-600x900.jpg 600w\" sizes=\"auto, (max-width: 800px) 100vw, 800px\" \/><div class=\"wp-block-cover__inner-container is-layout-flow wp-block-cover-is-layout-flow\">\n<p class=\"has-text-align-center has-white-color has-text-color has-link-color has-large-font-size wp-elements-d8546565e0bc6e854979f022d7f538c6\"><a href=\"https:\/\/www.skjak.no\/aktivitetar\/\">Activites<\/a><\/p>\n<\/div><\/div>\n<\/div>\n\n\n\n<div class=\"wp-block-column is-layout-flow wp-block-column-is-layout-flow\">\n<div class=\"wp-block-cover is-light\"><span aria-hidden=\"true\" class=\"wp-block-cover__background has-background-dim-30 has-background-dim\"><\/span><img loading=\"lazy\" decoding=\"async\" width=\"1707\" height=\"2560\" class=\"wp-block-cover__image-background wp-image-751\" alt=\"\" src=\"https:\/\/www.skjak.no\/wp-content\/uploads\/2020\/11\/Billingen_SCO_23072018158-scaled.jpg\" data-object-fit=\"cover\" srcset=\"https:\/\/www.skjak.no\/wp-content\/uploads\/2020\/11\/Billingen_SCO_23072018158-scaled.jpg 1707w, https:\/\/www.skjak.no\/wp-content\/uploads\/2020\/11\/Billingen_SCO_23072018158-200x300.jpg 200w, https:\/\/www.skjak.no\/wp-content\/uploads\/2020\/11\/Billingen_SCO_23072018158-683x1024.jpg 683w, https:\/\/www.skjak.no\/wp-content\/uploads\/2020\/11\/Billingen_SCO_23072018158-768x1152.jpg 768w, https:\/\/www.skjak.no\/wp-content\/uploads\/2020\/11\/Billingen_SCO_23072018158-1024x1536.jpg 1024w, https:\/\/www.skjak.no\/wp-content\/uploads\/2020\/11\/Billingen_SCO_23072018158-1365x2048.jpg 1365w, https:\/\/www.skjak.no\/wp-content\/uploads\/2020\/11\/Billingen_SCO_23072018158-333x500.jpg 333w, https:\/\/www.skjak.no\/wp-content\/uploads\/2020\/11\/Billingen_SCO_23072018158-600x900.jpg 600w\" sizes=\"auto, (max-width: 1707px) 100vw, 1707px\" \/><div class=\"wp-block-cover__inner-container is-layout-flow wp-block-cover-is-layout-flow\">\n<p class=\"has-text-align-center has-white-color has-text-color has-link-color wp-elements-c6c3a369a1440bcea97415fa127fcd31\" style=\"font-size:32px\"><a href=\"https:\/\/www.skjak.no\/overnatting\/\">Accommodation<\/a><\/p>\n<\/div><\/div>\n<\/div>\n\n\n\n<div class=\"wp-block-column is-layout-flow wp-block-column-is-layout-flow\">\n<div class=\"wp-block-cover is-light\"><span aria-hidden=\"true\" class=\"wp-block-cover__background has-background-dim-30 has-background-dim\"><\/span><img loading=\"lazy\" decoding=\"async\" width=\"2560\" height=\"1707\" class=\"wp-block-cover__image-background wp-image-1702\" alt=\"\" src=\"https:\/\/www.skjak.no\/wp-content\/uploads\/2020\/11\/6Y5A4750-scaled.jpg\" data-object-fit=\"cover\" srcset=\"https:\/\/www.skjak.no\/wp-content\/uploads\/2020\/11\/6Y5A4750-scaled.jpg 2560w, https:\/\/www.skjak.no\/wp-content\/uploads\/2020\/11\/6Y5A4750-300x200.jpg 300w, https:\/\/www.skjak.no\/wp-content\/uploads\/2020\/11\/6Y5A4750-1024x683.jpg 1024w, https:\/\/www.skjak.no\/wp-content\/uploads\/2020\/11\/6Y5A4750-768x512.jpg 768w, https:\/\/www.skjak.no\/wp-content\/uploads\/2020\/11\/6Y5A4750-1536x1024.jpg 1536w, https:\/\/www.skjak.no\/wp-content\/uploads\/2020\/11\/6Y5A4750-2048x1365.jpg 2048w, https:\/\/www.skjak.no\/wp-content\/uploads\/2020\/11\/6Y5A4750-500x333.jpg 500w, https:\/\/www.skjak.no\/wp-content\/uploads\/2020\/11\/6Y5A4750-600x400.jpg 600w\" sizes=\"auto, (max-width: 2560px) 100vw, 2560px\" \/><div class=\"wp-block-cover__inner-container is-layout-flow wp-block-cover-is-layout-flow\">\n<p class=\"has-text-align-center has-white-color has-text-color has-link-color has-large-font-size wp-elements-6c6563241bee461ac20dab39748d7bd5\"><a href=\"https:\/\/www.skjak.no\/skjak-almenning\/\">Skj\u00e5k Almenning<\/a><\/p>\n<\/div><\/div>\n<\/div>\n<\/div>\n\n\n\n<div class=\"wp-block-columns is-layout-flex wp-container-core-columns-is-layout-9d6595d7 wp-block-columns-is-layout-flex\">\n<div class=\"wp-block-column is-layout-flow wp-block-column-is-layout-flow\"><\/div>\n\n\n\n<div class=\"wp-block-column is-layout-flow wp-block-column-is-layout-flow\"><\/div>\n\n\n\n<div class=\"wp-block-column is-layout-flow wp-block-column-is-layout-flow\"><\/div>\n<\/div>\n\n\n\n<div class=\"wp-block-columns is-layout-flex wp-container-core-columns-is-layout-9d6595d7 wp-block-columns-is-layout-flex\">\n<div class=\"wp-block-column is-layout-flow wp-block-column-is-layout-flow\">\n<div class=\"wp-block-cover is-light\"><span aria-hidden=\"true\" class=\"wp-block-cover__background has-background-dim-30 has-background-dim\"><\/span><img loading=\"lazy\" decoding=\"async\" width=\"2560\" height=\"1439\" class=\"wp-block-cover__image-background wp-image-1769\" alt=\"\" src=\"https:\/\/www.skjak.no\/wp-content\/uploads\/2020\/11\/Skog-av-gevir.-Foto-Per-Dagsgard-scaled.jpg\" data-object-fit=\"cover\" srcset=\"https:\/\/www.skjak.no\/wp-content\/uploads\/2020\/11\/Skog-av-gevir.-Foto-Per-Dagsgard-scaled.jpg 2560w, https:\/\/www.skjak.no\/wp-content\/uploads\/2020\/11\/Skog-av-gevir.-Foto-Per-Dagsgard-300x169.jpg 300w, https:\/\/www.skjak.no\/wp-content\/uploads\/2020\/11\/Skog-av-gevir.-Foto-Per-Dagsgard-1024x575.jpg 1024w, https:\/\/www.skjak.no\/wp-content\/uploads\/2020\/11\/Skog-av-gevir.-Foto-Per-Dagsgard-768x432.jpg 768w, https:\/\/www.skjak.no\/wp-content\/uploads\/2020\/11\/Skog-av-gevir.-Foto-Per-Dagsgard-1536x863.jpg 1536w, https:\/\/www.skjak.no\/wp-content\/uploads\/2020\/11\/Skog-av-gevir.-Foto-Per-Dagsgard-2048x1151.jpg 2048w, https:\/\/www.skjak.no\/wp-content\/uploads\/2020\/11\/Skog-av-gevir.-Foto-Per-Dagsgard-500x281.jpg 500w, https:\/\/www.skjak.no\/wp-content\/uploads\/2020\/11\/Skog-av-gevir.-Foto-Per-Dagsgard-600x337.jpg 600w\" sizes=\"auto, (max-width: 2560px) 100vw, 2560px\" \/><div class=\"wp-block-cover__inner-container is-layout-flow wp-block-cover-is-layout-flow\">\n<p class=\"has-text-align-center has-white-color has-text-color has-link-color has-large-font-size wp-elements-e4d4b235d0800ce33c889efa68f6c692\"><a href=\"https:\/\/www.skjak.no\/nasjonalparkar\/\">Nasjonal park<\/a>s<\/p>\n<\/div><\/div>\n<\/div>\n\n\n\n<div class=\"wp-block-column is-layout-flow wp-block-column-is-layout-flow\">\n<div class=\"wp-block-cover is-light\"><span aria-hidden=\"true\" class=\"wp-block-cover__background has-background-dim-30 has-background-dim\"><\/span><img loading=\"lazy\" decoding=\"async\" width=\"2560\" height=\"1440\" class=\"wp-block-cover__image-background wp-image-780\" alt=\"\" src=\"https:\/\/www.skjak.no\/wp-content\/uploads\/2020\/11\/Inn-mot-sota-saeter-scaled.jpg\" data-object-fit=\"cover\" srcset=\"https:\/\/www.skjak.no\/wp-content\/uploads\/2020\/11\/Inn-mot-sota-saeter-scaled.jpg 2560w, https:\/\/www.skjak.no\/wp-content\/uploads\/2020\/11\/Inn-mot-sota-saeter-300x169.jpg 300w, https:\/\/www.skjak.no\/wp-content\/uploads\/2020\/11\/Inn-mot-sota-saeter-1024x576.jpg 1024w, https:\/\/www.skjak.no\/wp-content\/uploads\/2020\/11\/Inn-mot-sota-saeter-768x432.jpg 768w, https:\/\/www.skjak.no\/wp-content\/uploads\/2020\/11\/Inn-mot-sota-saeter-1536x864.jpg 1536w, https:\/\/www.skjak.no\/wp-content\/uploads\/2020\/11\/Inn-mot-sota-saeter-2048x1152.jpg 2048w, https:\/\/www.skjak.no\/wp-content\/uploads\/2020\/11\/Inn-mot-sota-saeter-500x281.jpg 500w, https:\/\/www.skjak.no\/wp-content\/uploads\/2020\/11\/Inn-mot-sota-saeter-600x338.jpg 600w\" sizes=\"auto, (max-width: 2560px) 100vw, 2560px\" \/><div class=\"wp-block-cover__inner-container is-layout-flow wp-block-cover-is-layout-flow\">\n<p class=\"has-text-align-center has-white-color has-text-color has-link-color has-large-font-size wp-elements-8379ab519fd051b1455c3b571f2caac2\"><a href=\"https:\/\/www.nasjonalparkriket.no\/skjak\">The National Park Kingdom<\/a><\/p>\n<\/div><\/div>\n<\/div>\n<\/div>\n\n\n\n<blockquote class=\"wp-block-quote has-text-align-center is-style-default is-layout-flow wp-block-quote-is-layout-flow\">\n<p><br><br>Waking up to a new day is like receiving a surprise package.                                                                         You don\u2019t know what it contains, and each time it\u2019s just as exciting to open it.<\/p>\n<cite>Jan-Magnus Bruheim<\/cite><\/blockquote>\n\n\n\n<p><\/p>\n","protected":false},"excerpt":{"rendered":"<p>We are proud of everything Skj\u00e5k has to offer. A municipality where large parts of nature are protected provides opportunities &#8230;<\/p>\n","protected":false},"author":4,"featured_media":0,"parent":0,"menu_order":0,"comment_status":"closed","ping_status":"closed","template":"","meta":{"_acf_changed":false,"inline_featured_image":false,"_uag_custom_page_level_css":"","footnotes":""},"class_list":["post-6209","page","type-page","status-publish","hentry"],"acf":[],"yoast_head":"<!-- This site is optimized with the Yoast SEO plugin v27.3 - https:\/\/yoast.com\/product\/yoast-seo-wordpress\/ -->\n<title>Experience - Skj\u00e5k Kommune<\/title>\n<meta name=\"description\" content=\"We are proud of everything Skj\u00e5k has to offer. With large parts of our nature protected you get opportunities for extraordinary experiences.\" \/>\n<meta name=\"robots\" content=\"index, follow, max-snippet:-1, max-image-preview:large, max-video-preview:-1\" \/>\n<link rel=\"canonical\" href=\"https:\/\/www.skjak.no\/en\/experience\/\" \/>\n<meta property=\"og:locale\" content=\"en_US\" \/>\n<meta property=\"og:type\" content=\"article\" \/>\n<meta property=\"og:title\" content=\"Experience - Skj\u00e5k Kommune\" \/>\n<meta property=\"og:description\" content=\"We are proud of everything Skj\u00e5k has to offer. With large parts of our nature protected you get opportunities for extraordinary experiences.\" \/>\n<meta property=\"og:url\" content=\"https:\/\/www.skjak.no\/en\/experience\/\" \/>\n<meta property=\"og:site_name\" content=\"Skj\u00e5k Kommune\" \/>\n<meta property=\"article:publisher\" content=\"https:\/\/www.facebook.com\/skjak.no\" \/>\n<meta property=\"article:modified_time\" content=\"2024-08-08T12:31:25+00:00\" \/>\n<meta property=\"og:image\" content=\"https:\/\/www.skjak.no\/wp-content\/uploads\/2020\/11\/VB02975.jpg\" \/>\n<meta name=\"twitter:card\" content=\"summary_large_image\" \/>\n<meta name=\"twitter:label1\" content=\"Est. reading time\" \/>\n\t<meta name=\"twitter:data1\" content=\"2 minutes\" \/>\n<script type=\"application\/ld+json\" class=\"yoast-schema-graph\">{\"@context\":\"https:\\\/\\\/schema.org\",\"@graph\":[{\"@type\":\"WebPage\",\"@id\":\"https:\\\/\\\/www.skjak.no\\\/en\\\/experience\\\/\",\"url\":\"https:\\\/\\\/www.skjak.no\\\/en\\\/experience\\\/\",\"name\":\"Experience - Skj\u00e5k Kommune\",\"isPartOf\":{\"@id\":\"https:\\\/\\\/www.skjak.no\\\/en\\\/#website\"},\"primaryImageOfPage\":{\"@id\":\"https:\\\/\\\/www.skjak.no\\\/en\\\/experience\\\/#primaryimage\"},\"image\":{\"@id\":\"https:\\\/\\\/www.skjak.no\\\/en\\\/experience\\\/#primaryimage\"},\"thumbnailUrl\":\"https:\\\/\\\/www.skjak.no\\\/wp-content\\\/uploads\\\/2020\\\/11\\\/VB02975.jpg\",\"datePublished\":\"2024-08-08T12:30:39+00:00\",\"dateModified\":\"2024-08-08T12:31:25+00:00\",\"description\":\"We are proud of everything Skj\u00e5k has to offer. With large parts of our nature protected you get opportunities for extraordinary experiences.\",\"breadcrumb\":{\"@id\":\"https:\\\/\\\/www.skjak.no\\\/en\\\/experience\\\/#breadcrumb\"},\"inLanguage\":\"en-US\",\"potentialAction\":[{\"@type\":\"ReadAction\",\"target\":[\"https:\\\/\\\/www.skjak.no\\\/en\\\/experience\\\/\"]}]},{\"@type\":\"ImageObject\",\"inLanguage\":\"en-US\",\"@id\":\"https:\\\/\\\/www.skjak.no\\\/en\\\/experience\\\/#primaryimage\",\"url\":\"https:\\\/\\\/www.skjak.no\\\/wp-content\\\/uploads\\\/2020\\\/11\\\/VB02975.jpg\",\"contentUrl\":\"https:\\\/\\\/www.skjak.no\\\/wp-content\\\/uploads\\\/2020\\\/11\\\/VB02975.jpg\"},{\"@type\":\"BreadcrumbList\",\"@id\":\"https:\\\/\\\/www.skjak.no\\\/en\\\/experience\\\/#breadcrumb\",\"itemListElement\":[{\"@type\":\"ListItem\",\"position\":1,\"name\":\"Heim\",\"item\":\"https:\\\/\\\/www.skjak.no\\\/en\\\/\"},{\"@type\":\"ListItem\",\"position\":2,\"name\":\"Experience\"}]},{\"@type\":\"WebSite\",\"@id\":\"https:\\\/\\\/www.skjak.no\\\/en\\\/#website\",\"url\":\"https:\\\/\\\/www.skjak.no\\\/en\\\/\",\"name\":\"Skj\u00e5k Kommune\",\"description\":\"Livet i Skj\u00e5k - om \u00e5 bes\u00f8ke, arbeide og leve i Skj\u00e5k\",\"publisher\":{\"@id\":\"https:\\\/\\\/www.skjak.no\\\/en\\\/#organization\"},\"potentialAction\":[{\"@type\":\"SearchAction\",\"target\":{\"@type\":\"EntryPoint\",\"urlTemplate\":\"https:\\\/\\\/www.skjak.no\\\/en\\\/?s={search_term_string}\"},\"query-input\":{\"@type\":\"PropertyValueSpecification\",\"valueRequired\":true,\"valueName\":\"search_term_string\"}}],\"inLanguage\":\"en-US\"},{\"@type\":\"Organization\",\"@id\":\"https:\\\/\\\/www.skjak.no\\\/en\\\/#organization\",\"name\":\"Skj\u00e5k Kommune\",\"url\":\"https:\\\/\\\/www.skjak.no\\\/en\\\/\",\"logo\":{\"@type\":\"ImageObject\",\"inLanguage\":\"en-US\",\"@id\":\"https:\\\/\\\/www.skjak.no\\\/en\\\/#\\\/schema\\\/logo\\\/image\\\/\",\"url\":\"https:\\\/\\\/www.skjak.no\\\/wp-content\\\/uploads\\\/2021\\\/01\\\/Skjak_logo_1.svg\",\"contentUrl\":\"https:\\\/\\\/www.skjak.no\\\/wp-content\\\/uploads\\\/2021\\\/01\\\/Skjak_logo_1.svg\",\"caption\":\"Skj\u00e5k Kommune\"},\"image\":{\"@id\":\"https:\\\/\\\/www.skjak.no\\\/en\\\/#\\\/schema\\\/logo\\\/image\\\/\"},\"sameAs\":[\"https:\\\/\\\/www.facebook.com\\\/skjak.no\",\"https:\\\/\\\/www.instagram.com\\\/skjak.no\\\/\"]}]}<\/script>\n<!-- \/ Yoast SEO plugin. -->","yoast_head_json":{"title":"Experience - Skj\u00e5k Kommune","description":"We are proud of everything Skj\u00e5k has to offer. With large parts of our nature protected you get opportunities for extraordinary experiences.","robots":{"index":"index","follow":"follow","max-snippet":"max-snippet:-1","max-image-preview":"max-image-preview:large","max-video-preview":"max-video-preview:-1"},"canonical":"https:\/\/www.skjak.no\/en\/experience\/","og_locale":"en_US","og_type":"article","og_title":"Experience - Skj\u00e5k Kommune","og_description":"We are proud of everything Skj\u00e5k has to offer. With large parts of our nature protected you get opportunities for extraordinary experiences.","og_url":"https:\/\/www.skjak.no\/en\/experience\/","og_site_name":"Skj\u00e5k Kommune","article_publisher":"https:\/\/www.facebook.com\/skjak.no","article_modified_time":"2024-08-08T12:31:25+00:00","og_image":[{"url":"https:\/\/www.skjak.no\/wp-content\/uploads\/2020\/11\/VB02975.jpg","type":"","width":"","height":""}],"twitter_card":"summary_large_image","twitter_misc":{"Est. reading time":"2 minutes"},"schema":{"@context":"https:\/\/schema.org","@graph":[{"@type":"WebPage","@id":"https:\/\/www.skjak.no\/en\/experience\/","url":"https:\/\/www.skjak.no\/en\/experience\/","name":"Experience - Skj\u00e5k Kommune","isPartOf":{"@id":"https:\/\/www.skjak.no\/en\/#website"},"primaryImageOfPage":{"@id":"https:\/\/www.skjak.no\/en\/experience\/#primaryimage"},"image":{"@id":"https:\/\/www.skjak.no\/en\/experience\/#primaryimage"},"thumbnailUrl":"https:\/\/www.skjak.no\/wp-content\/uploads\/2020\/11\/VB02975.jpg","datePublished":"2024-08-08T12:30:39+00:00","dateModified":"2024-08-08T12:31:25+00:00","description":"We are proud of everything Skj\u00e5k has to offer. With large parts of our nature protected you get opportunities for extraordinary experiences.","breadcrumb":{"@id":"https:\/\/www.skjak.no\/en\/experience\/#breadcrumb"},"inLanguage":"en-US","potentialAction":[{"@type":"ReadAction","target":["https:\/\/www.skjak.no\/en\/experience\/"]}]},{"@type":"ImageObject","inLanguage":"en-US","@id":"https:\/\/www.skjak.no\/en\/experience\/#primaryimage","url":"https:\/\/www.skjak.no\/wp-content\/uploads\/2020\/11\/VB02975.jpg","contentUrl":"https:\/\/www.skjak.no\/wp-content\/uploads\/2020\/11\/VB02975.jpg"},{"@type":"BreadcrumbList","@id":"https:\/\/www.skjak.no\/en\/experience\/#breadcrumb","itemListElement":[{"@type":"ListItem","position":1,"name":"Heim","item":"https:\/\/www.skjak.no\/en\/"},{"@type":"ListItem","position":2,"name":"Experience"}]},{"@type":"WebSite","@id":"https:\/\/www.skjak.no\/en\/#website","url":"https:\/\/www.skjak.no\/en\/","name":"Skj\u00e5k Kommune","description":"Livet i Skj\u00e5k - om \u00e5 bes\u00f8ke, arbeide og leve i Skj\u00e5k","publisher":{"@id":"https:\/\/www.skjak.no\/en\/#organization"},"potentialAction":[{"@type":"SearchAction","target":{"@type":"EntryPoint","urlTemplate":"https:\/\/www.skjak.no\/en\/?s={search_term_string}"},"query-input":{"@type":"PropertyValueSpecification","valueRequired":true,"valueName":"search_term_string"}}],"inLanguage":"en-US"},{"@type":"Organization","@id":"https:\/\/www.skjak.no\/en\/#organization","name":"Skj\u00e5k Kommune","url":"https:\/\/www.skjak.no\/en\/","logo":{"@type":"ImageObject","inLanguage":"en-US","@id":"https:\/\/www.skjak.no\/en\/#\/schema\/logo\/image\/","url":"https:\/\/www.skjak.no\/wp-content\/uploads\/2021\/01\/Skjak_logo_1.svg","contentUrl":"https:\/\/www.skjak.no\/wp-content\/uploads\/2021\/01\/Skjak_logo_1.svg","caption":"Skj\u00e5k Kommune"},"image":{"@id":"https:\/\/www.skjak.no\/en\/#\/schema\/logo\/image\/"},"sameAs":["https:\/\/www.facebook.com\/skjak.no","https:\/\/www.instagram.com\/skjak.no\/"]}]}},"uagb_featured_image_src":{"full":false,"thumbnail":false,"medium":false,"medium_large":false,"large":false,"1536x1536":false,"2048x2048":false,"home_boxes":false,"logo":false,"main_banner":false,"main_banner_mobile":false,"home_posts":false,"home_posts_square":false,"archive":false,"archive_square":false,"header_image":false},"uagb_author_info":{"display_name":"Elling Starrem","author_link":"https:\/\/www.skjak.no\/en\/author\/elling\/"},"uagb_comment_info":0,"uagb_excerpt":"We are proud of everything Skj\u00e5k has to offer. A municipality where large parts of nature are protected provides opportunities ...","_links":{"self":[{"href":"https:\/\/www.skjak.no\/en\/wp-json\/wp\/v2\/pages\/6209","targetHints":{"allow":["GET"]}}],"collection":[{"href":"https:\/\/www.skjak.no\/en\/wp-json\/wp\/v2\/pages"}],"about":[{"href":"https:\/\/www.skjak.no\/en\/wp-json\/wp\/v2\/types\/page"}],"author":[{"embeddable":true,"href":"https:\/\/www.skjak.no\/en\/wp-json\/wp\/v2\/users\/4"}],"replies":[{"embeddable":true,"href":"https:\/\/www.skjak.no\/en\/wp-json\/wp\/v2\/comments?post=6209"}],"version-history":[{"count":2,"href":"https:\/\/www.skjak.no\/en\/wp-json\/wp\/v2\/pages\/6209\/revisions"}],"predecessor-version":[{"id":6211,"href":"https:\/\/www.skjak.no\/en\/wp-json\/wp\/v2\/pages\/6209\/revisions\/6211"}],"wp:attachment":[{"href":"https:\/\/www.skjak.no\/en\/wp-json\/wp\/v2\/media?parent=6209"}],"curies":[{"name":"wp","href":"https:\/\/api.w.org\/{rel}","templated":true}]}}