{"id":6205,"date":"2024-08-08T14:18:20","date_gmt":"2024-08-08T12:18:20","guid":{"rendered":"https:\/\/www.skjak.no\/?page_id=6205"},"modified":"2024-08-08T14:21:57","modified_gmt":"2024-08-08T12:21:57","slug":"everyday-life","status":"publish","type":"page","link":"https:\/\/www.skjak.no\/en\/everyday-life\/","title":{"rendered":"Everyday life"},"content":{"rendered":"\n<p>See moose and deer on your way to work. No traffic jams, no traffic lights, and guaranteed parking. Efficient and straightforward.<\/p>\n\n\n\n<p>Short distance to daycare, school, services, and public facilities. Everything can be done in one trip.<\/p>\n\n\n\n<p>Being able to spend your time on what you enjoy is valuable, and here in Skj\u00e5k, everything is set up for just that.<\/p>\n\n\n\n<p>In your free time, you can enjoy a variety of recreational activities in Skj\u00e5k or head out into nature for skiing, cycling, or fishing.<\/p>\n\n\n\n<div class=\"wp-block-buttons is-layout-flex wp-block-buttons-is-layout-flex\">\n<div class=\"wp-block-button\"><a class=\"wp-block-button__link wp-element-button\" href=\"https:\/\/www.skjak.no\/kvardag\/fritid\/\">Explore leisure activities<\/a><\/div>\n<\/div>\n\n\n\n<hr class=\"wp-block-separator has-css-opacity is-style-wide\"\/>\n\n\n\n<div class=\"wp-block-group\"><div class=\"wp-block-group__inner-container is-layout-flow wp-block-group-is-layout-flow\">\n<figure class=\"wp-block-pullquote\"><blockquote><p><strong>Now I know what happiness is:<\/strong>\u00a0<br><strong>It\u2019s waking up early<\/strong>\u00a0<br><strong>and looking forward to a new day.<\/strong><br><br><strong>Now I know what the <\/strong><br><strong>highest happiness is.<\/strong>\u00a0<br><strong>It\u2019s going to bed<\/strong>\u00a0<br><strong>after such a day.<\/strong><\/p><cite>Aslaug h\u00f8ydal<\/cite><\/blockquote><\/figure>\n<\/div><\/div>\n","protected":false},"excerpt":{"rendered":"<p>See moose and deer on your way to work. No traffic jams, no traffic lights, and guaranteed parking. Efficient and &#8230;<\/p>\n","protected":false},"author":4,"featured_media":5401,"parent":0,"menu_order":0,"comment_status":"closed","ping_status":"closed","template":"","meta":{"_acf_changed":false,"inline_featured_image":false,"_uag_custom_page_level_css":"","footnotes":""},"class_list":["post-6205","page","type-page","status-publish","has-post-thumbnail","hentry"],"acf":[],"yoast_head":"<!-- This site is optimized with the Yoast SEO plugin v27.1.1 - https:\/\/yoast.com\/product\/yoast-seo-wordpress\/ -->\n<title>Everyday life - Skj\u00e5k Kommune<\/title>\n<meta name=\"description\" content=\"See moose and deer on your way to work. No traffic jams, no traffic lights, and guaranteed parking. Efficient and straightforward.\" \/>\n<meta name=\"robots\" content=\"index, follow, max-snippet:-1, max-image-preview:large, max-video-preview:-1\" \/>\n<link rel=\"canonical\" href=\"https:\/\/www.skjak.no\/en\/everyday-life\/\" \/>\n<meta property=\"og:locale\" content=\"en_US\" \/>\n<meta property=\"og:type\" content=\"article\" \/>\n<meta property=\"og:title\" content=\"Everyday life - Skj\u00e5k Kommune\" \/>\n<meta property=\"og:description\" content=\"See moose and deer on your way to work. No traffic jams, no traffic lights, and guaranteed parking. Efficient and straightforward.\" \/>\n<meta property=\"og:url\" content=\"https:\/\/www.skjak.no\/en\/everyday-life\/\" \/>\n<meta property=\"og:site_name\" content=\"Skj\u00e5k Kommune\" \/>\n<meta property=\"article:publisher\" content=\"https:\/\/www.facebook.com\/skjak.no\" \/>\n<meta property=\"article:modified_time\" content=\"2024-08-08T12:21:57+00:00\" \/>\n<meta property=\"og:image\" content=\"https:\/\/www.skjak.no\/wp-content\/uploads\/2024\/01\/Flaekkoyhoe-scaled.jpg\" \/>\n\t<meta property=\"og:image:width\" content=\"2560\" \/>\n\t<meta property=\"og:image:height\" content=\"1949\" \/>\n\t<meta property=\"og:image:type\" content=\"image\/jpeg\" \/>\n<meta name=\"twitter:card\" content=\"summary_large_image\" \/>\n<meta name=\"twitter:label1\" content=\"Est. reading time\" \/>\n\t<meta name=\"twitter:data1\" content=\"1 minute\" \/>\n<script type=\"application\/ld+json\" class=\"yoast-schema-graph\">{\"@context\":\"https:\/\/schema.org\",\"@graph\":[{\"@type\":\"WebPage\",\"@id\":\"https:\/\/www.skjak.no\/en\/everyday-life\/\",\"url\":\"https:\/\/www.skjak.no\/en\/everyday-life\/\",\"name\":\"Everyday life - Skj\u00e5k Kommune\",\"isPartOf\":{\"@id\":\"https:\/\/www.skjak.no\/en\/#website\"},\"primaryImageOfPage\":{\"@id\":\"https:\/\/www.skjak.no\/en\/everyday-life\/#primaryimage\"},\"image\":{\"@id\":\"https:\/\/www.skjak.no\/en\/everyday-life\/#primaryimage\"},\"thumbnailUrl\":\"https:\/\/www.skjak.no\/wp-content\/uploads\/2024\/01\/Flaekkoyhoe-scaled.jpg\",\"datePublished\":\"2024-08-08T12:18:20+00:00\",\"dateModified\":\"2024-08-08T12:21:57+00:00\",\"description\":\"See moose and deer on your way to work. No traffic jams, no traffic lights, and guaranteed parking. Efficient and straightforward.\",\"breadcrumb\":{\"@id\":\"https:\/\/www.skjak.no\/en\/everyday-life\/#breadcrumb\"},\"inLanguage\":\"en-US\",\"potentialAction\":[{\"@type\":\"ReadAction\",\"target\":[\"https:\/\/www.skjak.no\/en\/everyday-life\/\"]}]},{\"@type\":\"ImageObject\",\"inLanguage\":\"en-US\",\"@id\":\"https:\/\/www.skjak.no\/en\/everyday-life\/#primaryimage\",\"url\":\"https:\/\/www.skjak.no\/wp-content\/uploads\/2024\/01\/Flaekkoyhoe-scaled.jpg\",\"contentUrl\":\"https:\/\/www.skjak.no\/wp-content\/uploads\/2024\/01\/Flaekkoyhoe-scaled.jpg\",\"width\":2560,\"height\":1949},{\"@type\":\"BreadcrumbList\",\"@id\":\"https:\/\/www.skjak.no\/en\/everyday-life\/#breadcrumb\",\"itemListElement\":[{\"@type\":\"ListItem\",\"position\":1,\"name\":\"Heim\",\"item\":\"https:\/\/www.skjak.no\/en\/\"},{\"@type\":\"ListItem\",\"position\":2,\"name\":\"Everyday life\"}]},{\"@type\":\"WebSite\",\"@id\":\"https:\/\/www.skjak.no\/en\/#website\",\"url\":\"https:\/\/www.skjak.no\/en\/\",\"name\":\"Skj\u00e5k Kommune\",\"description\":\"Livet i Skj\u00e5k - om \u00e5 bes\u00f8ke, arbeide og leve i Skj\u00e5k\",\"publisher\":{\"@id\":\"https:\/\/www.skjak.no\/en\/#organization\"},\"potentialAction\":[{\"@type\":\"SearchAction\",\"target\":{\"@type\":\"EntryPoint\",\"urlTemplate\":\"https:\/\/www.skjak.no\/en\/?s={search_term_string}\"},\"query-input\":{\"@type\":\"PropertyValueSpecification\",\"valueRequired\":true,\"valueName\":\"search_term_string\"}}],\"inLanguage\":\"en-US\"},{\"@type\":\"Organization\",\"@id\":\"https:\/\/www.skjak.no\/en\/#organization\",\"name\":\"Skj\u00e5k Kommune\",\"url\":\"https:\/\/www.skjak.no\/en\/\",\"logo\":{\"@type\":\"ImageObject\",\"inLanguage\":\"en-US\",\"@id\":\"https:\/\/www.skjak.no\/en\/#\/schema\/logo\/image\/\",\"url\":\"https:\/\/www.skjak.no\/wp-content\/uploads\/2021\/01\/Skjak_logo_1.svg\",\"contentUrl\":\"https:\/\/www.skjak.no\/wp-content\/uploads\/2021\/01\/Skjak_logo_1.svg\",\"caption\":\"Skj\u00e5k Kommune\"},\"image\":{\"@id\":\"https:\/\/www.skjak.no\/en\/#\/schema\/logo\/image\/\"},\"sameAs\":[\"https:\/\/www.facebook.com\/skjak.no\",\"https:\/\/www.instagram.com\/skjak.no\/\"]}]}<\/script>\n<!-- \/ Yoast SEO plugin. -->","yoast_head_json":{"title":"Everyday life - Skj\u00e5k Kommune","description":"See moose and deer on your way to work. No traffic jams, no traffic lights, and guaranteed parking. Efficient and straightforward.","robots":{"index":"index","follow":"follow","max-snippet":"max-snippet:-1","max-image-preview":"max-image-preview:large","max-video-preview":"max-video-preview:-1"},"canonical":"https:\/\/www.skjak.no\/en\/everyday-life\/","og_locale":"en_US","og_type":"article","og_title":"Everyday life - Skj\u00e5k Kommune","og_description":"See moose and deer on your way to work. No traffic jams, no traffic lights, and guaranteed parking. Efficient and straightforward.","og_url":"https:\/\/www.skjak.no\/en\/everyday-life\/","og_site_name":"Skj\u00e5k Kommune","article_publisher":"https:\/\/www.facebook.com\/skjak.no","article_modified_time":"2024-08-08T12:21:57+00:00","og_image":[{"width":2560,"height":1949,"url":"https:\/\/www.skjak.no\/wp-content\/uploads\/2024\/01\/Flaekkoyhoe-scaled.jpg","type":"image\/jpeg"}],"twitter_card":"summary_large_image","twitter_misc":{"Est. reading time":"1 minute"},"schema":{"@context":"https:\/\/schema.org","@graph":[{"@type":"WebPage","@id":"https:\/\/www.skjak.no\/en\/everyday-life\/","url":"https:\/\/www.skjak.no\/en\/everyday-life\/","name":"Everyday life - Skj\u00e5k Kommune","isPartOf":{"@id":"https:\/\/www.skjak.no\/en\/#website"},"primaryImageOfPage":{"@id":"https:\/\/www.skjak.no\/en\/everyday-life\/#primaryimage"},"image":{"@id":"https:\/\/www.skjak.no\/en\/everyday-life\/#primaryimage"},"thumbnailUrl":"https:\/\/www.skjak.no\/wp-content\/uploads\/2024\/01\/Flaekkoyhoe-scaled.jpg","datePublished":"2024-08-08T12:18:20+00:00","dateModified":"2024-08-08T12:21:57+00:00","description":"See moose and deer on your way to work. No traffic jams, no traffic lights, and guaranteed parking. Efficient and straightforward.","breadcrumb":{"@id":"https:\/\/www.skjak.no\/en\/everyday-life\/#breadcrumb"},"inLanguage":"en-US","potentialAction":[{"@type":"ReadAction","target":["https:\/\/www.skjak.no\/en\/everyday-life\/"]}]},{"@type":"ImageObject","inLanguage":"en-US","@id":"https:\/\/www.skjak.no\/en\/everyday-life\/#primaryimage","url":"https:\/\/www.skjak.no\/wp-content\/uploads\/2024\/01\/Flaekkoyhoe-scaled.jpg","contentUrl":"https:\/\/www.skjak.no\/wp-content\/uploads\/2024\/01\/Flaekkoyhoe-scaled.jpg","width":2560,"height":1949},{"@type":"BreadcrumbList","@id":"https:\/\/www.skjak.no\/en\/everyday-life\/#breadcrumb","itemListElement":[{"@type":"ListItem","position":1,"name":"Heim","item":"https:\/\/www.skjak.no\/en\/"},{"@type":"ListItem","position":2,"name":"Everyday life"}]},{"@type":"WebSite","@id":"https:\/\/www.skjak.no\/en\/#website","url":"https:\/\/www.skjak.no\/en\/","name":"Skj\u00e5k Kommune","description":"Livet i Skj\u00e5k - om \u00e5 bes\u00f8ke, arbeide og leve i Skj\u00e5k","publisher":{"@id":"https:\/\/www.skjak.no\/en\/#organization"},"potentialAction":[{"@type":"SearchAction","target":{"@type":"EntryPoint","urlTemplate":"https:\/\/www.skjak.no\/en\/?s={search_term_string}"},"query-input":{"@type":"PropertyValueSpecification","valueRequired":true,"valueName":"search_term_string"}}],"inLanguage":"en-US"},{"@type":"Organization","@id":"https:\/\/www.skjak.no\/en\/#organization","name":"Skj\u00e5k Kommune","url":"https:\/\/www.skjak.no\/en\/","logo":{"@type":"ImageObject","inLanguage":"en-US","@id":"https:\/\/www.skjak.no\/en\/#\/schema\/logo\/image\/","url":"https:\/\/www.skjak.no\/wp-content\/uploads\/2021\/01\/Skjak_logo_1.svg","contentUrl":"https:\/\/www.skjak.no\/wp-content\/uploads\/2021\/01\/Skjak_logo_1.svg","caption":"Skj\u00e5k Kommune"},"image":{"@id":"https:\/\/www.skjak.no\/en\/#\/schema\/logo\/image\/"},"sameAs":["https:\/\/www.facebook.com\/skjak.no","https:\/\/www.instagram.com\/skjak.no\/"]}]}},"uagb_featured_image_src":{"full":["https:\/\/www.skjak.no\/wp-content\/uploads\/2024\/01\/Flaekkoyhoe-scaled.jpg",2560,1949,false],"thumbnail":["https:\/\/www.skjak.no\/wp-content\/uploads\/2024\/01\/Flaekkoyhoe-150x150.jpg",150,150,true],"medium":["https:\/\/www.skjak.no\/wp-content\/uploads\/2024\/01\/Flaekkoyhoe-300x228.jpg",300,228,true],"medium_large":["https:\/\/www.skjak.no\/wp-content\/uploads\/2024\/01\/Flaekkoyhoe-768x585.jpg",640,488,true],"large":["https:\/\/www.skjak.no\/wp-content\/uploads\/2024\/01\/Flaekkoyhoe-1024x780.jpg",640,488,true],"1536x1536":["https:\/\/www.skjak.no\/wp-content\/uploads\/2024\/01\/Flaekkoyhoe-1536x1169.jpg",1536,1169,true],"2048x2048":["https:\/\/www.skjak.no\/wp-content\/uploads\/2024\/01\/Flaekkoyhoe-2048x1559.jpg",2048,1559,true],"home_boxes":["https:\/\/www.skjak.no\/wp-content\/uploads\/2024\/01\/Flaekkoyhoe-720x810.jpg",720,810,true],"logo":["https:\/\/www.skjak.no\/wp-content\/uploads\/2024\/01\/Flaekkoyhoe-500x381.jpg",500,381,true],"main_banner":["https:\/\/www.skjak.no\/wp-content\/uploads\/2024\/01\/Flaekkoyhoe-1920x869.jpg",1920,869,true],"main_banner_mobile":["https:\/\/www.skjak.no\/wp-content\/uploads\/2024\/01\/Flaekkoyhoe-768x1365.jpg",768,1365,true],"home_posts":["https:\/\/www.skjak.no\/wp-content\/uploads\/2024\/01\/Flaekkoyhoe-840x532.jpg",840,532,true],"home_posts_square":["https:\/\/www.skjak.no\/wp-content\/uploads\/2024\/01\/Flaekkoyhoe-555x555.jpg",555,555,true],"archive":["https:\/\/www.skjak.no\/wp-content\/uploads\/2024\/01\/Flaekkoyhoe-581x457.jpg",581,457,true],"archive_square":["https:\/\/www.skjak.no\/wp-content\/uploads\/2024\/01\/Flaekkoyhoe-581x581.jpg",581,581,true],"header_image":["https:\/\/www.skjak.no\/wp-content\/uploads\/2024\/01\/Flaekkoyhoe-1920x569.jpg",1920,569,true]},"uagb_author_info":{"display_name":"Elling Starrem","author_link":"https:\/\/www.skjak.no\/en\/author\/elling\/"},"uagb_comment_info":0,"uagb_excerpt":"See moose and deer on your way to work. No traffic jams, no traffic lights, and guaranteed parking. Efficient and ...","_links":{"self":[{"href":"https:\/\/www.skjak.no\/en\/wp-json\/wp\/v2\/pages\/6205","targetHints":{"allow":["GET"]}}],"collection":[{"href":"https:\/\/www.skjak.no\/en\/wp-json\/wp\/v2\/pages"}],"about":[{"href":"https:\/\/www.skjak.no\/en\/wp-json\/wp\/v2\/types\/page"}],"author":[{"embeddable":true,"href":"https:\/\/www.skjak.no\/en\/wp-json\/wp\/v2\/users\/4"}],"replies":[{"embeddable":true,"href":"https:\/\/www.skjak.no\/en\/wp-json\/wp\/v2\/comments?post=6205"}],"version-history":[{"count":2,"href":"https:\/\/www.skjak.no\/en\/wp-json\/wp\/v2\/pages\/6205\/revisions"}],"predecessor-version":[{"id":6208,"href":"https:\/\/www.skjak.no\/en\/wp-json\/wp\/v2\/pages\/6205\/revisions\/6208"}],"wp:featuredmedia":[{"embeddable":true,"href":"https:\/\/www.skjak.no\/en\/wp-json\/wp\/v2\/media\/5401"}],"wp:attachment":[{"href":"https:\/\/www.skjak.no\/en\/wp-json\/wp\/v2\/media?parent=6205"}],"curies":[{"name":"wp","href":"https:\/\/api.w.org\/{rel}","templated":true}]}}