{"id":6202,"date":"2024-08-08T14:07:49","date_gmt":"2024-08-08T12:07:49","guid":{"rendered":"https:\/\/www.skjak.no\/?page_id=6202"},"modified":"2024-08-08T14:34:19","modified_gmt":"2024-08-08T12:34:19","slug":"about-us","status":"publish","type":"page","link":"https:\/\/www.skjak.no\/en\/about-us\/","title":{"rendered":"About us"},"content":{"rendered":"\n<p>We want Skj\u00e5k to be highly visible, and for the information people are looking for to be easily accessible.<\/p>\n\n\n\n<p>It\u2019s all happening online. Checking out attractive job opportunities, recreational activities, and the housing market. Could this be something for me? The sum of these impressions helps shape our decisions over time.<\/p>\n\n\n\n<p>Choosing to move is a long-term decision that often involves more than just yourself. That\u2019s why we\u2019re here to help you explore Skj\u00e5k, inspire you, and nurture your dreams, both personal and professional. We want to support you in discovering why Skj\u00e5k might be the perfect place for you\u2014throughout the year and for years to come.<\/p>\n\n\n\n<blockquote class=\"wp-block-quote is-layout-flow wp-block-quote-is-layout-flow\">\n<p>Skj\u00e5k &#8211; naturally<\/p>\n<\/blockquote>\n\n\n\n<h2 class=\"wp-block-heading\"><br>Skj\u00e5k<\/h2>\n\n\n\n<p>Skj\u00e5k is situated in Ottadalen in Innlandet County, between majestic mountains and stunning natural landscapes ideal for outdoor activities, with Reinheimen National Park to the north and Breheimen National Park to the south.<\/p>\n\n\n\n<p>The municipal center of Skj\u00e5k is called Bismo, where you\u2019ll find shopping opportunities, services, groceries, caf\u00e9s, and a cafeteria serving delicious local food.<\/p>\n\n\n\n<p>Skj\u00e5k is home to two national parks, <a href=\"https:\/\/www.nasjonalparkriket.no\/nasjonalparker\/breheimen-nasjonalpark\">Breheimen<\/a> og <a href=\"https:\/\/www.nasjonalparkriket.no\/nasjonalparker\/reinheimen-nasjonalpark\">Reinheimen<\/a>. These areas feature vast, untouched landscapes with rich wildlife, rugged nature, high peaks, and several glaciers. There are also fantastic opportunities for hunting and fishing. For more information about hunting and fishing in Skj\u00e5k, check out\u00a0 <a href=\"https:\/\/www.skjak-almenning.no\/\">Skj\u00e5k Almenning.<\/a><\/p>\n\n\n\n<h2 class=\"wp-block-heading\"><br>A green focus<\/h2>\n\n\n\n<p>Skj\u00e5k is a beautiful municipality in the realm of wild reindeer, with majestic mountains, crystal-clear waters, and spectacular glaciers. Our mission is to ensure that it remains just as beautiful and vibrant for future generations. We are committed to preserving the landscape, the community, and the traditional way of life.<\/p>\n\n\n\n<p>As a traveler, there are many ways to reduce your environmental impact. Staying longer in one place can reduce greenhouse gas emissions and give you more time to experience and appreciate the area. Here are some tips on how to make your vacation more eco-friendly.<\/p>\n\n\n\n<figure class=\"wp-block-image alignwide size-full\"><img loading=\"lazy\" decoding=\"async\" width=\"2560\" height=\"1440\" src=\"https:\/\/www.skjak.no\/wp-content\/uploads\/2020\/11\/Inn-mot-sota-saeter-scaled.jpg\" alt=\"\" class=\"wp-image-780\" srcset=\"https:\/\/www.skjak.no\/wp-content\/uploads\/2020\/11\/Inn-mot-sota-saeter-scaled.jpg 2560w, https:\/\/www.skjak.no\/wp-content\/uploads\/2020\/11\/Inn-mot-sota-saeter-300x169.jpg 300w, https:\/\/www.skjak.no\/wp-content\/uploads\/2020\/11\/Inn-mot-sota-saeter-1024x576.jpg 1024w, https:\/\/www.skjak.no\/wp-content\/uploads\/2020\/11\/Inn-mot-sota-saeter-768x432.jpg 768w, https:\/\/www.skjak.no\/wp-content\/uploads\/2020\/11\/Inn-mot-sota-saeter-1536x864.jpg 1536w, https:\/\/www.skjak.no\/wp-content\/uploads\/2020\/11\/Inn-mot-sota-saeter-2048x1152.jpg 2048w, https:\/\/www.skjak.no\/wp-content\/uploads\/2020\/11\/Inn-mot-sota-saeter-500x281.jpg 500w, https:\/\/www.skjak.no\/wp-content\/uploads\/2020\/11\/Inn-mot-sota-saeter-600x338.jpg 600w\" sizes=\"auto, (max-width: 2560px) 100vw, 2560px\" \/><figcaption class=\"wp-element-caption\">Photo: The Nasjonal Park Kingdom<\/figcaption><\/figure>\n\n\n\n<h3 class=\"wp-block-heading\"><br>Natural activities<\/h3>\n\n\n\n<p>Norway is a vast natural playground. Hiking, cycling, kayaking, climbing, skiing, and mountain tours are some of the most popular outdoor activities in the country. Here in Skj\u00e5k, you can try all of these activities. Feel free to use local guides who know the area well and can provide a more enriching experience with their extensive local knowledge<\/p>\n\n\n\n<figure class=\"wp-block-image alignwide size-full\"><img loading=\"lazy\" decoding=\"async\" width=\"2560\" height=\"1707\" src=\"https:\/\/www.skjak.no\/wp-content\/uploads\/2020\/11\/6Y5A4871-scaled.jpg\" alt=\"\" class=\"wp-image-918\" srcset=\"https:\/\/www.skjak.no\/wp-content\/uploads\/2020\/11\/6Y5A4871-scaled.jpg 2560w, https:\/\/www.skjak.no\/wp-content\/uploads\/2020\/11\/6Y5A4871-300x200.jpg 300w, https:\/\/www.skjak.no\/wp-content\/uploads\/2020\/11\/6Y5A4871-1024x683.jpg 1024w, https:\/\/www.skjak.no\/wp-content\/uploads\/2020\/11\/6Y5A4871-768x512.jpg 768w, https:\/\/www.skjak.no\/wp-content\/uploads\/2020\/11\/6Y5A4871-1536x1024.jpg 1536w, https:\/\/www.skjak.no\/wp-content\/uploads\/2020\/11\/6Y5A4871-2048x1365.jpg 2048w, https:\/\/www.skjak.no\/wp-content\/uploads\/2020\/11\/6Y5A4871-500x333.jpg 500w, https:\/\/www.skjak.no\/wp-content\/uploads\/2020\/11\/6Y5A4871-600x400.jpg 600w\" sizes=\"auto, (max-width: 2560px) 100vw, 2560px\" \/><figcaption class=\"wp-element-caption\">Hiking with Naturopplevingar.<br>Photo: Edvard M\u00f8lmen<\/figcaption><\/figure>\n\n\n\n<h3 class=\"wp-block-heading\"><br>Local food<\/h3>\n\n\n\n<p>Taste local and regionally sourced foods. Enjoy the flavor of vegetables that are sown and harvested locally, meat from animals that graze and roam freely in nature. Catch your own fish and gather what you want from the wild.<\/p>\n\n\n\n<figure class=\"wp-block-image alignwide size-full\"><img loading=\"lazy\" decoding=\"async\" width=\"2560\" height=\"1707\" src=\"https:\/\/www.skjak.no\/wp-content\/uploads\/2020\/11\/Billingen_SCO_230720182401-scaled.jpg\" alt=\"\" class=\"wp-image-916\" srcset=\"https:\/\/www.skjak.no\/wp-content\/uploads\/2020\/11\/Billingen_SCO_230720182401-scaled.jpg 2560w, https:\/\/www.skjak.no\/wp-content\/uploads\/2020\/11\/Billingen_SCO_230720182401-300x200.jpg 300w, https:\/\/www.skjak.no\/wp-content\/uploads\/2020\/11\/Billingen_SCO_230720182401-1024x683.jpg 1024w, https:\/\/www.skjak.no\/wp-content\/uploads\/2020\/11\/Billingen_SCO_230720182401-768x512.jpg 768w, https:\/\/www.skjak.no\/wp-content\/uploads\/2020\/11\/Billingen_SCO_230720182401-1536x1024.jpg 1536w, https:\/\/www.skjak.no\/wp-content\/uploads\/2020\/11\/Billingen_SCO_230720182401-2048x1365.jpg 2048w, https:\/\/www.skjak.no\/wp-content\/uploads\/2020\/11\/Billingen_SCO_230720182401-500x333.jpg 500w, https:\/\/www.skjak.no\/wp-content\/uploads\/2020\/11\/Billingen_SCO_230720182401-600x400.jpg 600w\" sizes=\"auto, (max-width: 2560px) 100vw, 2560px\" \/><figcaption class=\"wp-element-caption\">Sour cream porridge or &#8220;Rumgraut&#8221; served at Billingen Seterpensjonat<br>Photo: Yngve Ask<\/figcaption><\/figure>\n\n\n\n<h3 class=\"wp-block-heading\"><br>Support the local community<\/h3>\n\n\n\n<p>Tourism is an important source of income for many places. Be mindful of spending your money where it has the most positive impact on the community and the environment. Take advantage of local, sustainably sourced products and experiences, and you\u2019ll help make a destination a better place to live and visit. Travel outside of peak seasons, explore places that haven\u2019t been discovered by many, and, most importantly, travel slowly and enjoy your vacation.<\/p>\n\n\n\n<figure class=\"wp-block-image alignwide size-full\"><img loading=\"lazy\" decoding=\"async\" width=\"2560\" height=\"1707\" src=\"https:\/\/www.skjak.no\/wp-content\/uploads\/2020\/11\/AL6A2503-scaled.jpg\" alt=\"\" class=\"wp-image-914\" srcset=\"https:\/\/www.skjak.no\/wp-content\/uploads\/2020\/11\/AL6A2503-scaled.jpg 2560w, https:\/\/www.skjak.no\/wp-content\/uploads\/2020\/11\/AL6A2503-300x200.jpg 300w, https:\/\/www.skjak.no\/wp-content\/uploads\/2020\/11\/AL6A2503-1024x683.jpg 1024w, https:\/\/www.skjak.no\/wp-content\/uploads\/2020\/11\/AL6A2503-768x512.jpg 768w, https:\/\/www.skjak.no\/wp-content\/uploads\/2020\/11\/AL6A2503-1536x1024.jpg 1536w, https:\/\/www.skjak.no\/wp-content\/uploads\/2020\/11\/AL6A2503-2048x1366.jpg 2048w, https:\/\/www.skjak.no\/wp-content\/uploads\/2020\/11\/AL6A2503-500x333.jpg 500w, https:\/\/www.skjak.no\/wp-content\/uploads\/2020\/11\/AL6A2503-600x400.jpg 600w\" sizes=\"auto, (max-width: 2560px) 100vw, 2560px\" \/><figcaption class=\"wp-element-caption\">Nordigard Ramstad<br>Photo: Cathrine Dokken<\/figcaption><\/figure>\n\n\n\n<h3 class=\"wp-block-heading\"><br>Leave nature as you found it<\/h3>\n\n\n\n<p>The right of public access is proof of our high trust in everyone\u2019s responsibility towards nature. Even though large parts of Skj\u00e5k consist of national parks and other protected areas, we have the opportunity to enjoy these outdoor spaces. Therefore, it is important that as a visitor, you always clean up after yourself and leave the area as you found it.<br><br><br><br><br><\/p>\n\n\n\n<figure class=\"wp-block-image alignfull size-large\"><img loading=\"lazy\" decoding=\"async\" width=\"1024\" height=\"683\" src=\"https:\/\/www.skjak.no\/wp-content\/uploads\/2020\/12\/6Y5A5629-1024x683.jpg\" alt=\"\" class=\"wp-image-2180\" srcset=\"https:\/\/www.skjak.no\/wp-content\/uploads\/2020\/12\/6Y5A5629-1024x683.jpg 1024w, https:\/\/www.skjak.no\/wp-content\/uploads\/2020\/12\/6Y5A5629-300x200.jpg 300w, https:\/\/www.skjak.no\/wp-content\/uploads\/2020\/12\/6Y5A5629-768x512.jpg 768w, https:\/\/www.skjak.no\/wp-content\/uploads\/2020\/12\/6Y5A5629-1536x1024.jpg 1536w, https:\/\/www.skjak.no\/wp-content\/uploads\/2020\/12\/6Y5A5629-2048x1365.jpg 2048w, https:\/\/www.skjak.no\/wp-content\/uploads\/2020\/12\/6Y5A5629-500x333.jpg 500w, https:\/\/www.skjak.no\/wp-content\/uploads\/2020\/12\/6Y5A5629-600x400.jpg 600w\" sizes=\"auto, (max-width: 1024px) 100vw, 1024px\" \/><\/figure>\n","protected":false},"excerpt":{"rendered":"<p>We want Skj\u00e5k to be highly visible, and for the information people are looking for to be easily accessible. It\u2019s &#8230;<\/p>\n","protected":false},"author":4,"featured_media":0,"parent":0,"menu_order":0,"comment_status":"closed","ping_status":"closed","template":"","meta":{"_acf_changed":false,"inline_featured_image":false,"_uag_custom_page_level_css":"","footnotes":""},"class_list":["post-6202","page","type-page","status-publish","hentry"],"acf":[],"yoast_head":"<!-- This site is optimized with the Yoast SEO plugin v27.3 - https:\/\/yoast.com\/product\/yoast-seo-wordpress\/ -->\n<title>About us - Skj\u00e5k Kommune<\/title>\n<meta name=\"description\" content=\"Skj\u00e5k is a beautiful municipality in the realm of wild reindeer, with majestic mountains, crystal-clear waters, and spectacular glaciers.\" \/>\n<meta name=\"robots\" content=\"index, follow, max-snippet:-1, max-image-preview:large, max-video-preview:-1\" \/>\n<link rel=\"canonical\" href=\"https:\/\/www.skjak.no\/en\/about-us\/\" \/>\n<meta property=\"og:locale\" content=\"en_US\" \/>\n<meta property=\"og:type\" content=\"article\" \/>\n<meta property=\"og:title\" content=\"About us - Skj\u00e5k Kommune\" \/>\n<meta property=\"og:description\" content=\"Skj\u00e5k is a beautiful municipality in the realm of wild reindeer, with majestic mountains, crystal-clear waters, and spectacular glaciers.\" \/>\n<meta property=\"og:url\" content=\"https:\/\/www.skjak.no\/en\/about-us\/\" \/>\n<meta property=\"og:site_name\" content=\"Skj\u00e5k Kommune\" \/>\n<meta property=\"article:publisher\" content=\"https:\/\/www.facebook.com\/skjak.no\" \/>\n<meta property=\"article:modified_time\" content=\"2024-08-08T12:34:19+00:00\" \/>\n<meta property=\"og:image\" content=\"https:\/\/www.skjak.no\/wp-content\/uploads\/2020\/11\/Inn-mot-sota-saeter-scaled.jpg\" \/>\n<meta name=\"twitter:card\" content=\"summary_large_image\" \/>\n<script type=\"application\/ld+json\" class=\"yoast-schema-graph\">{\"@context\":\"https:\\\/\\\/schema.org\",\"@graph\":[{\"@type\":\"WebPage\",\"@id\":\"https:\\\/\\\/www.skjak.no\\\/en\\\/about-us\\\/\",\"url\":\"https:\\\/\\\/www.skjak.no\\\/en\\\/about-us\\\/\",\"name\":\"About us - Skj\u00e5k Kommune\",\"isPartOf\":{\"@id\":\"https:\\\/\\\/www.skjak.no\\\/en\\\/#website\"},\"primaryImageOfPage\":{\"@id\":\"https:\\\/\\\/www.skjak.no\\\/en\\\/about-us\\\/#primaryimage\"},\"image\":{\"@id\":\"https:\\\/\\\/www.skjak.no\\\/en\\\/about-us\\\/#primaryimage\"},\"thumbnailUrl\":\"https:\\\/\\\/www.skjak.no\\\/wp-content\\\/uploads\\\/2020\\\/11\\\/Inn-mot-sota-saeter-scaled.jpg\",\"datePublished\":\"2024-08-08T12:07:49+00:00\",\"dateModified\":\"2024-08-08T12:34:19+00:00\",\"description\":\"Skj\u00e5k is a beautiful municipality in the realm of wild reindeer, with majestic mountains, crystal-clear waters, and spectacular glaciers.\",\"breadcrumb\":{\"@id\":\"https:\\\/\\\/www.skjak.no\\\/en\\\/about-us\\\/#breadcrumb\"},\"inLanguage\":\"en-US\",\"potentialAction\":[{\"@type\":\"ReadAction\",\"target\":[\"https:\\\/\\\/www.skjak.no\\\/en\\\/about-us\\\/\"]}]},{\"@type\":\"ImageObject\",\"inLanguage\":\"en-US\",\"@id\":\"https:\\\/\\\/www.skjak.no\\\/en\\\/about-us\\\/#primaryimage\",\"url\":\"https:\\\/\\\/www.skjak.no\\\/wp-content\\\/uploads\\\/2020\\\/11\\\/Inn-mot-sota-saeter-scaled.jpg\",\"contentUrl\":\"https:\\\/\\\/www.skjak.no\\\/wp-content\\\/uploads\\\/2020\\\/11\\\/Inn-mot-sota-saeter-scaled.jpg\"},{\"@type\":\"BreadcrumbList\",\"@id\":\"https:\\\/\\\/www.skjak.no\\\/en\\\/about-us\\\/#breadcrumb\",\"itemListElement\":[{\"@type\":\"ListItem\",\"position\":1,\"name\":\"Heim\",\"item\":\"https:\\\/\\\/www.skjak.no\\\/en\\\/\"},{\"@type\":\"ListItem\",\"position\":2,\"name\":\"About us\"}]},{\"@type\":\"WebSite\",\"@id\":\"https:\\\/\\\/www.skjak.no\\\/en\\\/#website\",\"url\":\"https:\\\/\\\/www.skjak.no\\\/en\\\/\",\"name\":\"Skj\u00e5k Kommune\",\"description\":\"Livet i Skj\u00e5k - om \u00e5 bes\u00f8ke, arbeide og leve i Skj\u00e5k\",\"publisher\":{\"@id\":\"https:\\\/\\\/www.skjak.no\\\/en\\\/#organization\"},\"potentialAction\":[{\"@type\":\"SearchAction\",\"target\":{\"@type\":\"EntryPoint\",\"urlTemplate\":\"https:\\\/\\\/www.skjak.no\\\/en\\\/?s={search_term_string}\"},\"query-input\":{\"@type\":\"PropertyValueSpecification\",\"valueRequired\":true,\"valueName\":\"search_term_string\"}}],\"inLanguage\":\"en-US\"},{\"@type\":\"Organization\",\"@id\":\"https:\\\/\\\/www.skjak.no\\\/en\\\/#organization\",\"name\":\"Skj\u00e5k Kommune\",\"url\":\"https:\\\/\\\/www.skjak.no\\\/en\\\/\",\"logo\":{\"@type\":\"ImageObject\",\"inLanguage\":\"en-US\",\"@id\":\"https:\\\/\\\/www.skjak.no\\\/en\\\/#\\\/schema\\\/logo\\\/image\\\/\",\"url\":\"https:\\\/\\\/www.skjak.no\\\/wp-content\\\/uploads\\\/2021\\\/01\\\/Skjak_logo_1.svg\",\"contentUrl\":\"https:\\\/\\\/www.skjak.no\\\/wp-content\\\/uploads\\\/2021\\\/01\\\/Skjak_logo_1.svg\",\"caption\":\"Skj\u00e5k Kommune\"},\"image\":{\"@id\":\"https:\\\/\\\/www.skjak.no\\\/en\\\/#\\\/schema\\\/logo\\\/image\\\/\"},\"sameAs\":[\"https:\\\/\\\/www.facebook.com\\\/skjak.no\",\"https:\\\/\\\/www.instagram.com\\\/skjak.no\\\/\"]}]}<\/script>\n<!-- \/ Yoast SEO plugin. -->","yoast_head_json":{"title":"About us - Skj\u00e5k Kommune","description":"Skj\u00e5k is a beautiful municipality in the realm of wild reindeer, with majestic mountains, crystal-clear waters, and spectacular glaciers.","robots":{"index":"index","follow":"follow","max-snippet":"max-snippet:-1","max-image-preview":"max-image-preview:large","max-video-preview":"max-video-preview:-1"},"canonical":"https:\/\/www.skjak.no\/en\/about-us\/","og_locale":"en_US","og_type":"article","og_title":"About us - Skj\u00e5k Kommune","og_description":"Skj\u00e5k is a beautiful municipality in the realm of wild reindeer, with majestic mountains, crystal-clear waters, and spectacular glaciers.","og_url":"https:\/\/www.skjak.no\/en\/about-us\/","og_site_name":"Skj\u00e5k Kommune","article_publisher":"https:\/\/www.facebook.com\/skjak.no","article_modified_time":"2024-08-08T12:34:19+00:00","og_image":[{"url":"https:\/\/www.skjak.no\/wp-content\/uploads\/2020\/11\/Inn-mot-sota-saeter-scaled.jpg","type":"","width":"","height":""}],"twitter_card":"summary_large_image","schema":{"@context":"https:\/\/schema.org","@graph":[{"@type":"WebPage","@id":"https:\/\/www.skjak.no\/en\/about-us\/","url":"https:\/\/www.skjak.no\/en\/about-us\/","name":"About us - Skj\u00e5k Kommune","isPartOf":{"@id":"https:\/\/www.skjak.no\/en\/#website"},"primaryImageOfPage":{"@id":"https:\/\/www.skjak.no\/en\/about-us\/#primaryimage"},"image":{"@id":"https:\/\/www.skjak.no\/en\/about-us\/#primaryimage"},"thumbnailUrl":"https:\/\/www.skjak.no\/wp-content\/uploads\/2020\/11\/Inn-mot-sota-saeter-scaled.jpg","datePublished":"2024-08-08T12:07:49+00:00","dateModified":"2024-08-08T12:34:19+00:00","description":"Skj\u00e5k is a beautiful municipality in the realm of wild reindeer, with majestic mountains, crystal-clear waters, and spectacular glaciers.","breadcrumb":{"@id":"https:\/\/www.skjak.no\/en\/about-us\/#breadcrumb"},"inLanguage":"en-US","potentialAction":[{"@type":"ReadAction","target":["https:\/\/www.skjak.no\/en\/about-us\/"]}]},{"@type":"ImageObject","inLanguage":"en-US","@id":"https:\/\/www.skjak.no\/en\/about-us\/#primaryimage","url":"https:\/\/www.skjak.no\/wp-content\/uploads\/2020\/11\/Inn-mot-sota-saeter-scaled.jpg","contentUrl":"https:\/\/www.skjak.no\/wp-content\/uploads\/2020\/11\/Inn-mot-sota-saeter-scaled.jpg"},{"@type":"BreadcrumbList","@id":"https:\/\/www.skjak.no\/en\/about-us\/#breadcrumb","itemListElement":[{"@type":"ListItem","position":1,"name":"Heim","item":"https:\/\/www.skjak.no\/en\/"},{"@type":"ListItem","position":2,"name":"About us"}]},{"@type":"WebSite","@id":"https:\/\/www.skjak.no\/en\/#website","url":"https:\/\/www.skjak.no\/en\/","name":"Skj\u00e5k Kommune","description":"Livet i Skj\u00e5k - om \u00e5 bes\u00f8ke, arbeide og leve i Skj\u00e5k","publisher":{"@id":"https:\/\/www.skjak.no\/en\/#organization"},"potentialAction":[{"@type":"SearchAction","target":{"@type":"EntryPoint","urlTemplate":"https:\/\/www.skjak.no\/en\/?s={search_term_string}"},"query-input":{"@type":"PropertyValueSpecification","valueRequired":true,"valueName":"search_term_string"}}],"inLanguage":"en-US"},{"@type":"Organization","@id":"https:\/\/www.skjak.no\/en\/#organization","name":"Skj\u00e5k Kommune","url":"https:\/\/www.skjak.no\/en\/","logo":{"@type":"ImageObject","inLanguage":"en-US","@id":"https:\/\/www.skjak.no\/en\/#\/schema\/logo\/image\/","url":"https:\/\/www.skjak.no\/wp-content\/uploads\/2021\/01\/Skjak_logo_1.svg","contentUrl":"https:\/\/www.skjak.no\/wp-content\/uploads\/2021\/01\/Skjak_logo_1.svg","caption":"Skj\u00e5k Kommune"},"image":{"@id":"https:\/\/www.skjak.no\/en\/#\/schema\/logo\/image\/"},"sameAs":["https:\/\/www.facebook.com\/skjak.no","https:\/\/www.instagram.com\/skjak.no\/"]}]}},"uagb_featured_image_src":{"full":false,"thumbnail":false,"medium":false,"medium_large":false,"large":false,"1536x1536":false,"2048x2048":false,"home_boxes":false,"logo":false,"main_banner":false,"main_banner_mobile":false,"home_posts":false,"home_posts_square":false,"archive":false,"archive_square":false,"header_image":false},"uagb_author_info":{"display_name":"Elling Starrem","author_link":"https:\/\/www.skjak.no\/en\/author\/elling\/"},"uagb_comment_info":0,"uagb_excerpt":"We want Skj\u00e5k to be highly visible, and for the information people are looking for to be easily accessible. It\u2019s ...","_links":{"self":[{"href":"https:\/\/www.skjak.no\/en\/wp-json\/wp\/v2\/pages\/6202","targetHints":{"allow":["GET"]}}],"collection":[{"href":"https:\/\/www.skjak.no\/en\/wp-json\/wp\/v2\/pages"}],"about":[{"href":"https:\/\/www.skjak.no\/en\/wp-json\/wp\/v2\/types\/page"}],"author":[{"embeddable":true,"href":"https:\/\/www.skjak.no\/en\/wp-json\/wp\/v2\/users\/4"}],"replies":[{"embeddable":true,"href":"https:\/\/www.skjak.no\/en\/wp-json\/wp\/v2\/comments?post=6202"}],"version-history":[{"count":4,"href":"https:\/\/www.skjak.no\/en\/wp-json\/wp\/v2\/pages\/6202\/revisions"}],"predecessor-version":[{"id":6216,"href":"https:\/\/www.skjak.no\/en\/wp-json\/wp\/v2\/pages\/6202\/revisions\/6216"}],"wp:attachment":[{"href":"https:\/\/www.skjak.no\/en\/wp-json\/wp\/v2\/media?parent=6202"}],"curies":[{"name":"wp","href":"https:\/\/api.w.org\/{rel}","templated":true}]}}