{"id":6182,"date":"2024-08-08T10:44:49","date_gmt":"2024-08-08T08:44:49","guid":{"rendered":"https:\/\/www.skjak.no\/?page_id=6182"},"modified":"2024-08-08T14:32:54","modified_gmt":"2024-08-08T12:32:54","slug":"move-here","status":"publish","type":"page","link":"https:\/\/www.skjak.no\/en\/move-here\/","title":{"rendered":"Move here"},"content":{"rendered":"\n<h2 class=\"wp-block-heading\">Welcome to Skj\u00e5k<\/h2>\n\n\n\n<p>Are you new in Skj\u00e5k and wish to become better acquainted with the village and what happens here? We at the municipality office want to facilitate your inclusion in the community. Contact us, and we will connect you with a local enthusiast or representatives from sports clubs or other organizations you are interested in getting to know better.<\/p>\n\n\n\n<div class=\"wp-block-buttons is-layout-flex wp-block-buttons-is-layout-flex\">\n<div class=\"wp-block-button\"><a class=\"wp-block-button__link wp-element-button\" href=\"https:\/\/www.skjak.no\/kontakt\/\">Contact us<\/a><\/div>\n<\/div>\n\n\n\n<h2 class=\"wp-block-heading\">Why choose Skj\u00e5k?<\/h2>\n\n\n\n<p>Moving to Skj\u00e5k is about embracing a different way of life. You can ski to work, see wild reindeer from your office window, and enjoy a starry sky on your way to the gym. In Skj\u00e5k, you get to enjoy special moments every day of the year!<\/p>\n\n\n\n<p>By living in Skj\u00e5k, you have the chance to make a difference for many people, whether at work or in your free time. Here, every person matters, and everyone can contribute to creating a pleasant environment and great experiences for themselves and others.<\/p>\n\n\n\n<p><\/p>\n\n\n\n<figure class=\"wp-block-pullquote\"><blockquote><p>There is so much in life<br> you wait for and desire, <br>But more than just existing, <br>it\u2019s belonging that truly inspires.<\/p><cite>Jan-Magnus Bruheim<\/cite><\/blockquote><\/figure>\n\n\n\n<hr class=\"wp-block-separator has-css-opacity\"\/>\n\n\n\n<h2 class=\"wp-block-heading\">10 great reasons to settle in Skj\u00e5k<\/h2>\n\n\n\n<h3 class=\"wp-block-heading\">1. Plenty of space<\/h3>\n\n\n\n<p>Time and space to live and experience. In Skj\u00e5k, you get a lot of space for your money, both indoors and outdoors.<\/p>\n\n\n\n<div class=\"wp-block-buttons is-layout-flex wp-block-buttons-is-layout-flex\">\n<div class=\"wp-block-button\"><a class=\"wp-block-button__link wp-element-button\" href=\"https:\/\/www.skjak.no\/livet-i-skjak\/hus-og-tomt\/\">Find a home in Skj\u00e5k<\/a><\/div>\n<\/div>\n\n\n\n<h3 class=\"wp-block-heading\"><br>2. Active leisure<\/h3>\n\n\n\n<p>Active environments in sports, outdoor activities, music, and volunteer organizations. From bridge to climbing, from choirs to go-karting\u2014Skj\u00e5k offers a vibrant sports and cultural scene. Here, you&#8217;ll find something for everyone.<\/p>\n\n\n\n<div class=\"wp-block-buttons is-layout-flex wp-block-buttons-is-layout-flex\">\n<div class=\"wp-block-button\"><a class=\"wp-block-button__link wp-element-button\" href=\"https:\/\/www.skjak.no\/kvardag\/fritid\/\">Leisure activities in Skj\u00e5k<\/a><\/div>\n<\/div>\n\n\n\n<h3 class=\"wp-block-heading\"><br>3. You belong<\/h3>\n\n\n\n<p>&#8220;But more than just existing, it\u2019s belonging that truly inspires&#8221;. This feeling is hard to capture in words or images. It\u2019s simply there, and it feels good.<\/p>\n\n\n\n<h3 class=\"wp-block-heading\"><br>4. People know who you are<\/h3>\n\n\n\n<p>Everyone knows each other. In a small place like Skj\u00e5k, it&#8217;s quick to figure out who to contact for what. It might take a bit of time to become well-acquainted, but once you make a friend in Skj\u00e5k, you have a friend for life.<\/p>\n\n\n\n<h3 class=\"wp-block-heading\"><br>5. You are needed<\/h3>\n\n\n\n<p>The spirit of volunteerism is alive. In Skj\u00e5k, we have a tradition of helping each other when needed. What you and your family contribute, big or small, makes a significant difference to the community. Here, it\u2019s easy to get involved and make an impact \u2014 if you want to.<\/p>\n\n\n\n<h3 class=\"wp-block-heading\"><br>6. As dry as the Sahara<\/h3>\n\n\n\n<p>Umbrellas and rain gear are foreign concepts for us who live here. Skj\u00e5k is sheltered from rain by the high mountains surrounding us, resulting in a dry and stable climate with just 270 mm of rain per year, much like the Sahara.<\/p>\n\n\n\n<h3 class=\"wp-block-heading\">7. A part of the National Park Kingdom<\/h3>\n\n\n\n<p>Skj\u00e5k is in the heart of the National Park Kingdom, surrounded by the national parks Jotunheimen, Breheimen, and Reinheimen. You can sleep under the stars, drink fresh water from a stream, pick berries, and enjoy clean air. With 80% of Skj\u00e5k being protected nature, you can experience breathtaking views or simply enjoy the freedom. The choice is yours.<\/p>\n\n\n\n<div class=\"wp-block-buttons is-layout-flex wp-block-buttons-is-layout-flex\">\n<div class=\"wp-block-button\"><a class=\"wp-block-button__link wp-element-button\" href=\"https:\/\/www.nasjonalparkriket.no\/skjak\">Visit the National Park Kingdom<\/a><\/div>\n<\/div>\n\n\n\n<h3 class=\"wp-block-heading\"><br>8. Unique hunting and fishing opportunities<\/h3>\n\n\n\n<p>Have you ever tasted the flavor of your own freshly caught trout cooked over an open fire, or felt the excitement of hunting moose or reindeer? As a resident of Skj\u00e5k, you get exclusive hunting rights. Every resident is guaranteed access to wild reindeer hunting, and with a single fishing permit, you can fish in 200 lakes and 250 km of rivers in Skj\u00e5k Almenning.<\/p>\n\n\n\n<div class=\"wp-block-buttons is-layout-flex wp-block-buttons-is-layout-flex\">\n<div class=\"wp-block-button\"><a class=\"wp-block-button__link wp-element-button\" href=\"https:\/\/www.skjak-almenning.no\/jakt-i-skjak\">Hunting in Skj\u00e5k<\/a><\/div>\n\n\n\n<div class=\"wp-block-button\"><a class=\"wp-block-button__link wp-element-button\" href=\"https:\/\/www.skjak-almenning.no\/jakt-i-skjak\">Fishing in Skj\u00e5k<\/a><\/div>\n<\/div>\n\n\n\n<h3 class=\"wp-block-heading\"><br>9. Ski all year round<\/h3>\n\n\n\n<p>Ski in shorts. The ski season in Skj\u00e5k has no beginning or end. Enjoy a vast network of groomed trails, ski lifts, mountain tours, backcountry skiing, and a summer ski center right nearby.<\/p>\n\n\n\n<div class=\"wp-block-buttons is-layout-flex wp-block-buttons-is-layout-flex\">\n<div class=\"wp-block-button\"><a class=\"wp-block-button__link wp-element-button\" href=\"https:\/\/www.skjak.no\/kontakt\/\">Contact us<\/a><\/div>\n<\/div>\n\n\n\n<h3 class=\"wp-block-heading\"><br>10. The Entrepreneur Village<\/h3>\n\n\n\n<p>Skj\u00e5k is an entrepreneurial village. If you have a business idea or a spark of innovation, you&#8217;ll find excellent support from experienced advisors and resources here.<\/p>\n\n\n\n<figure class=\"wp-block-image alignfull size-large\"><img loading=\"lazy\" decoding=\"async\" width=\"1024\" height=\"683\" src=\"https:\/\/www.skjak.no\/wp-content\/uploads\/2020\/12\/VB03505-1024x683.jpg\" alt=\"\" class=\"wp-image-2128\" srcset=\"https:\/\/www.skjak.no\/wp-content\/uploads\/2020\/12\/VB03505-1024x683.jpg 1024w, https:\/\/www.skjak.no\/wp-content\/uploads\/2020\/12\/VB03505-300x200.jpg 300w, https:\/\/www.skjak.no\/wp-content\/uploads\/2020\/12\/VB03505-768x512.jpg 768w, https:\/\/www.skjak.no\/wp-content\/uploads\/2020\/12\/VB03505-500x333.jpg 500w, https:\/\/www.skjak.no\/wp-content\/uploads\/2020\/12\/VB03505-600x400.jpg 600w, https:\/\/www.skjak.no\/wp-content\/uploads\/2020\/12\/VB03505.jpg 1200w\" sizes=\"auto, (max-width: 1024px) 100vw, 1024px\" \/><figcaption class=\"wp-element-caption\">Dining at idyllic Nordigard Ramstad<br>Photo: Vegard Breie<\/figcaption><\/figure>\n","protected":false},"excerpt":{"rendered":"<p>Welcome to Skj\u00e5k Are you new in Skj\u00e5k and wish to become better acquainted with the village and what happens &#8230;<\/p>\n","protected":false},"author":4,"featured_media":5436,"parent":0,"menu_order":0,"comment_status":"closed","ping_status":"closed","template":"","meta":{"_acf_changed":false,"inline_featured_image":false,"_uag_custom_page_level_css":"","footnotes":""},"class_list":["post-6182","page","type-page","status-publish","has-post-thumbnail","hentry"],"acf":[],"yoast_head":"<!-- This site is optimized with the Yoast SEO plugin v27.1.1 - https:\/\/yoast.com\/product\/yoast-seo-wordpress\/ -->\n<title>Move here - Skj\u00e5k Kommune<\/title>\n<meta name=\"robots\" content=\"index, follow, max-snippet:-1, max-image-preview:large, max-video-preview:-1\" \/>\n<link rel=\"canonical\" href=\"https:\/\/www.skjak.no\/en\/move-here\/\" \/>\n<meta property=\"og:locale\" content=\"en_US\" \/>\n<meta property=\"og:type\" content=\"article\" \/>\n<meta property=\"og:title\" content=\"Move here - Skj\u00e5k Kommune\" \/>\n<meta property=\"og:description\" content=\"Welcome to Skj\u00e5k Are you new in Skj\u00e5k and wish to become better acquainted with the village and what happens ...\" \/>\n<meta property=\"og:url\" content=\"https:\/\/www.skjak.no\/en\/move-here\/\" \/>\n<meta property=\"og:site_name\" content=\"Skj\u00e5k Kommune\" \/>\n<meta property=\"article:publisher\" content=\"https:\/\/www.facebook.com\/skjak.no\" \/>\n<meta property=\"article:modified_time\" content=\"2024-08-08T12:32:54+00:00\" \/>\n<meta property=\"og:image\" content=\"https:\/\/www.skjak.no\/wp-content\/uploads\/2024\/01\/6Y5A5889-scaled.jpg\" \/>\n\t<meta property=\"og:image:width\" content=\"2560\" \/>\n\t<meta property=\"og:image:height\" content=\"1707\" \/>\n\t<meta property=\"og:image:type\" content=\"image\/jpeg\" \/>\n<meta name=\"twitter:card\" content=\"summary_large_image\" \/>\n<meta name=\"twitter:label1\" content=\"Est. reading time\" \/>\n\t<meta name=\"twitter:data1\" content=\"4 minutes\" \/>\n<script type=\"application\/ld+json\" class=\"yoast-schema-graph\">{\"@context\":\"https:\/\/schema.org\",\"@graph\":[{\"@type\":\"WebPage\",\"@id\":\"https:\/\/www.skjak.no\/en\/move-here\/\",\"url\":\"https:\/\/www.skjak.no\/en\/move-here\/\",\"name\":\"Move here - Skj\u00e5k Kommune\",\"isPartOf\":{\"@id\":\"https:\/\/www.skjak.no\/en\/#website\"},\"primaryImageOfPage\":{\"@id\":\"https:\/\/www.skjak.no\/en\/move-here\/#primaryimage\"},\"image\":{\"@id\":\"https:\/\/www.skjak.no\/en\/move-here\/#primaryimage\"},\"thumbnailUrl\":\"https:\/\/www.skjak.no\/wp-content\/uploads\/2024\/01\/6Y5A5889-scaled.jpg\",\"datePublished\":\"2024-08-08T08:44:49+00:00\",\"dateModified\":\"2024-08-08T12:32:54+00:00\",\"breadcrumb\":{\"@id\":\"https:\/\/www.skjak.no\/en\/move-here\/#breadcrumb\"},\"inLanguage\":\"en-US\",\"potentialAction\":[{\"@type\":\"ReadAction\",\"target\":[\"https:\/\/www.skjak.no\/en\/move-here\/\"]}]},{\"@type\":\"ImageObject\",\"inLanguage\":\"en-US\",\"@id\":\"https:\/\/www.skjak.no\/en\/move-here\/#primaryimage\",\"url\":\"https:\/\/www.skjak.no\/wp-content\/uploads\/2024\/01\/6Y5A5889-scaled.jpg\",\"contentUrl\":\"https:\/\/www.skjak.no\/wp-content\/uploads\/2024\/01\/6Y5A5889-scaled.jpg\",\"width\":2560,\"height\":1707},{\"@type\":\"BreadcrumbList\",\"@id\":\"https:\/\/www.skjak.no\/en\/move-here\/#breadcrumb\",\"itemListElement\":[{\"@type\":\"ListItem\",\"position\":1,\"name\":\"Heim\",\"item\":\"https:\/\/www.skjak.no\/en\/\"},{\"@type\":\"ListItem\",\"position\":2,\"name\":\"Move here\"}]},{\"@type\":\"WebSite\",\"@id\":\"https:\/\/www.skjak.no\/en\/#website\",\"url\":\"https:\/\/www.skjak.no\/en\/\",\"name\":\"Skj\u00e5k Kommune\",\"description\":\"Livet i Skj\u00e5k - om \u00e5 bes\u00f8ke, arbeide og leve i Skj\u00e5k\",\"publisher\":{\"@id\":\"https:\/\/www.skjak.no\/en\/#organization\"},\"potentialAction\":[{\"@type\":\"SearchAction\",\"target\":{\"@type\":\"EntryPoint\",\"urlTemplate\":\"https:\/\/www.skjak.no\/en\/?s={search_term_string}\"},\"query-input\":{\"@type\":\"PropertyValueSpecification\",\"valueRequired\":true,\"valueName\":\"search_term_string\"}}],\"inLanguage\":\"en-US\"},{\"@type\":\"Organization\",\"@id\":\"https:\/\/www.skjak.no\/en\/#organization\",\"name\":\"Skj\u00e5k Kommune\",\"url\":\"https:\/\/www.skjak.no\/en\/\",\"logo\":{\"@type\":\"ImageObject\",\"inLanguage\":\"en-US\",\"@id\":\"https:\/\/www.skjak.no\/en\/#\/schema\/logo\/image\/\",\"url\":\"https:\/\/www.skjak.no\/wp-content\/uploads\/2021\/01\/Skjak_logo_1.svg\",\"contentUrl\":\"https:\/\/www.skjak.no\/wp-content\/uploads\/2021\/01\/Skjak_logo_1.svg\",\"caption\":\"Skj\u00e5k Kommune\"},\"image\":{\"@id\":\"https:\/\/www.skjak.no\/en\/#\/schema\/logo\/image\/\"},\"sameAs\":[\"https:\/\/www.facebook.com\/skjak.no\",\"https:\/\/www.instagram.com\/skjak.no\/\"]}]}<\/script>\n<!-- \/ Yoast SEO plugin. -->","yoast_head_json":{"title":"Move here - Skj\u00e5k Kommune","robots":{"index":"index","follow":"follow","max-snippet":"max-snippet:-1","max-image-preview":"max-image-preview:large","max-video-preview":"max-video-preview:-1"},"canonical":"https:\/\/www.skjak.no\/en\/move-here\/","og_locale":"en_US","og_type":"article","og_title":"Move here - Skj\u00e5k Kommune","og_description":"Welcome to Skj\u00e5k Are you new in Skj\u00e5k and wish to become better acquainted with the village and what happens ...","og_url":"https:\/\/www.skjak.no\/en\/move-here\/","og_site_name":"Skj\u00e5k Kommune","article_publisher":"https:\/\/www.facebook.com\/skjak.no","article_modified_time":"2024-08-08T12:32:54+00:00","og_image":[{"width":2560,"height":1707,"url":"https:\/\/www.skjak.no\/wp-content\/uploads\/2024\/01\/6Y5A5889-scaled.jpg","type":"image\/jpeg"}],"twitter_card":"summary_large_image","twitter_misc":{"Est. reading time":"4 minutes"},"schema":{"@context":"https:\/\/schema.org","@graph":[{"@type":"WebPage","@id":"https:\/\/www.skjak.no\/en\/move-here\/","url":"https:\/\/www.skjak.no\/en\/move-here\/","name":"Move here - Skj\u00e5k Kommune","isPartOf":{"@id":"https:\/\/www.skjak.no\/en\/#website"},"primaryImageOfPage":{"@id":"https:\/\/www.skjak.no\/en\/move-here\/#primaryimage"},"image":{"@id":"https:\/\/www.skjak.no\/en\/move-here\/#primaryimage"},"thumbnailUrl":"https:\/\/www.skjak.no\/wp-content\/uploads\/2024\/01\/6Y5A5889-scaled.jpg","datePublished":"2024-08-08T08:44:49+00:00","dateModified":"2024-08-08T12:32:54+00:00","breadcrumb":{"@id":"https:\/\/www.skjak.no\/en\/move-here\/#breadcrumb"},"inLanguage":"en-US","potentialAction":[{"@type":"ReadAction","target":["https:\/\/www.skjak.no\/en\/move-here\/"]}]},{"@type":"ImageObject","inLanguage":"en-US","@id":"https:\/\/www.skjak.no\/en\/move-here\/#primaryimage","url":"https:\/\/www.skjak.no\/wp-content\/uploads\/2024\/01\/6Y5A5889-scaled.jpg","contentUrl":"https:\/\/www.skjak.no\/wp-content\/uploads\/2024\/01\/6Y5A5889-scaled.jpg","width":2560,"height":1707},{"@type":"BreadcrumbList","@id":"https:\/\/www.skjak.no\/en\/move-here\/#breadcrumb","itemListElement":[{"@type":"ListItem","position":1,"name":"Heim","item":"https:\/\/www.skjak.no\/en\/"},{"@type":"ListItem","position":2,"name":"Move here"}]},{"@type":"WebSite","@id":"https:\/\/www.skjak.no\/en\/#website","url":"https:\/\/www.skjak.no\/en\/","name":"Skj\u00e5k Kommune","description":"Livet i Skj\u00e5k - om \u00e5 bes\u00f8ke, arbeide og leve i Skj\u00e5k","publisher":{"@id":"https:\/\/www.skjak.no\/en\/#organization"},"potentialAction":[{"@type":"SearchAction","target":{"@type":"EntryPoint","urlTemplate":"https:\/\/www.skjak.no\/en\/?s={search_term_string}"},"query-input":{"@type":"PropertyValueSpecification","valueRequired":true,"valueName":"search_term_string"}}],"inLanguage":"en-US"},{"@type":"Organization","@id":"https:\/\/www.skjak.no\/en\/#organization","name":"Skj\u00e5k Kommune","url":"https:\/\/www.skjak.no\/en\/","logo":{"@type":"ImageObject","inLanguage":"en-US","@id":"https:\/\/www.skjak.no\/en\/#\/schema\/logo\/image\/","url":"https:\/\/www.skjak.no\/wp-content\/uploads\/2021\/01\/Skjak_logo_1.svg","contentUrl":"https:\/\/www.skjak.no\/wp-content\/uploads\/2021\/01\/Skjak_logo_1.svg","caption":"Skj\u00e5k Kommune"},"image":{"@id":"https:\/\/www.skjak.no\/en\/#\/schema\/logo\/image\/"},"sameAs":["https:\/\/www.facebook.com\/skjak.no","https:\/\/www.instagram.com\/skjak.no\/"]}]}},"uagb_featured_image_src":{"full":["https:\/\/www.skjak.no\/wp-content\/uploads\/2024\/01\/6Y5A5889-scaled.jpg",2560,1707,false],"thumbnail":["https:\/\/www.skjak.no\/wp-content\/uploads\/2024\/01\/6Y5A5889-150x150.jpg",150,150,true],"medium":["https:\/\/www.skjak.no\/wp-content\/uploads\/2024\/01\/6Y5A5889-300x200.jpg",300,200,true],"medium_large":["https:\/\/www.skjak.no\/wp-content\/uploads\/2024\/01\/6Y5A5889-768x512.jpg",640,427,true],"large":["https:\/\/www.skjak.no\/wp-content\/uploads\/2024\/01\/6Y5A5889-1024x683.jpg",640,427,true],"1536x1536":["https:\/\/www.skjak.no\/wp-content\/uploads\/2024\/01\/6Y5A5889-1536x1024.jpg",1536,1024,true],"2048x2048":["https:\/\/www.skjak.no\/wp-content\/uploads\/2024\/01\/6Y5A5889-2048x1365.jpg",2048,1365,true],"home_boxes":["https:\/\/www.skjak.no\/wp-content\/uploads\/2024\/01\/6Y5A5889-720x810.jpg",720,810,true],"logo":["https:\/\/www.skjak.no\/wp-content\/uploads\/2024\/01\/6Y5A5889-500x333.jpg",500,333,true],"main_banner":["https:\/\/www.skjak.no\/wp-content\/uploads\/2024\/01\/6Y5A5889-1920x869.jpg",1920,869,true],"main_banner_mobile":["https:\/\/www.skjak.no\/wp-content\/uploads\/2024\/01\/6Y5A5889-768x1365.jpg",768,1365,true],"home_posts":["https:\/\/www.skjak.no\/wp-content\/uploads\/2024\/01\/6Y5A5889-840x532.jpg",840,532,true],"home_posts_square":["https:\/\/www.skjak.no\/wp-content\/uploads\/2024\/01\/6Y5A5889-555x555.jpg",555,555,true],"archive":["https:\/\/www.skjak.no\/wp-content\/uploads\/2024\/01\/6Y5A5889-581x457.jpg",581,457,true],"archive_square":["https:\/\/www.skjak.no\/wp-content\/uploads\/2024\/01\/6Y5A5889-581x581.jpg",581,581,true],"header_image":["https:\/\/www.skjak.no\/wp-content\/uploads\/2024\/01\/6Y5A5889-1920x569.jpg",1920,569,true]},"uagb_author_info":{"display_name":"Elling Starrem","author_link":"https:\/\/www.skjak.no\/en\/author\/elling\/"},"uagb_comment_info":0,"uagb_excerpt":"Welcome to Skj\u00e5k Are you new in Skj\u00e5k and wish to become better acquainted with the village and what happens ...","_links":{"self":[{"href":"https:\/\/www.skjak.no\/en\/wp-json\/wp\/v2\/pages\/6182","targetHints":{"allow":["GET"]}}],"collection":[{"href":"https:\/\/www.skjak.no\/en\/wp-json\/wp\/v2\/pages"}],"about":[{"href":"https:\/\/www.skjak.no\/en\/wp-json\/wp\/v2\/types\/page"}],"author":[{"embeddable":true,"href":"https:\/\/www.skjak.no\/en\/wp-json\/wp\/v2\/users\/4"}],"replies":[{"embeddable":true,"href":"https:\/\/www.skjak.no\/en\/wp-json\/wp\/v2\/comments?post=6182"}],"version-history":[{"count":3,"href":"https:\/\/www.skjak.no\/en\/wp-json\/wp\/v2\/pages\/6182\/revisions"}],"predecessor-version":[{"id":6213,"href":"https:\/\/www.skjak.no\/en\/wp-json\/wp\/v2\/pages\/6182\/revisions\/6213"}],"wp:featuredmedia":[{"embeddable":true,"href":"https:\/\/www.skjak.no\/en\/wp-json\/wp\/v2\/media\/5436"}],"wp:attachment":[{"href":"https:\/\/www.skjak.no\/en\/wp-json\/wp\/v2\/media?parent=6182"}],"curies":[{"name":"wp","href":"https:\/\/api.w.org\/{rel}","templated":true}]}}