{"id":5972,"date":"2024-07-01T12:54:56","date_gmt":"2024-07-01T10:54:56","guid":{"rendered":"https:\/\/www.skjak.no\/?page_id=5972"},"modified":"2024-07-01T12:56:53","modified_gmt":"2024-07-01T10:56:53","slug":"jobb-i-skjak","status":"publish","type":"page","link":"https:\/\/www.skjak.no\/en\/jobb-i-skjak\/","title":{"rendered":"Jobb i Skj\u00e5k"},"content":{"rendered":"\n<div class=\"wp-block-columns is-layout-flex wp-container-core-columns-is-layout-9d6595d7 wp-block-columns-is-layout-flex\">\n<div class=\"wp-block-column is-layout-flow wp-block-column-is-layout-flow\" style=\"flex-basis:100%\">\n<div class=\"wp-block-group\"><div class=\"wp-block-group__inner-container is-layout-constrained wp-block-group-is-layout-constrained\">\n<div class=\"wp-block-columns is-layout-flex wp-container-core-columns-is-layout-9d6595d7 wp-block-columns-is-layout-flex\">\n<div class=\"wp-block-column is-layout-flow wp-block-column-is-layout-flow\">\n<div class=\"wp-block-cover\"><span aria-hidden=\"true\" class=\"wp-block-cover__background has-background-dim\"><\/span><img loading=\"lazy\" decoding=\"async\" width=\"2560\" height=\"1707\" class=\"wp-block-cover__image-background wp-image-5271\" alt=\"\" src=\"https:\/\/www.skjak.no\/wp-content\/uploads\/2024\/01\/6Y5A0391-scaled.jpg\" data-object-fit=\"cover\" srcset=\"https:\/\/www.skjak.no\/wp-content\/uploads\/2024\/01\/6Y5A0391-scaled.jpg 2560w, https:\/\/www.skjak.no\/wp-content\/uploads\/2024\/01\/6Y5A0391-300x200.jpg 300w, https:\/\/www.skjak.no\/wp-content\/uploads\/2024\/01\/6Y5A0391-1024x683.jpg 1024w, https:\/\/www.skjak.no\/wp-content\/uploads\/2024\/01\/6Y5A0391-768x512.jpg 768w, https:\/\/www.skjak.no\/wp-content\/uploads\/2024\/01\/6Y5A0391-1536x1024.jpg 1536w, https:\/\/www.skjak.no\/wp-content\/uploads\/2024\/01\/6Y5A0391-2048x1365.jpg 2048w, https:\/\/www.skjak.no\/wp-content\/uploads\/2024\/01\/6Y5A0391-500x333.jpg 500w, https:\/\/www.skjak.no\/wp-content\/uploads\/2024\/01\/6Y5A0391-600x400.jpg 600w\" sizes=\"auto, (max-width: 2560px) 100vw, 2560px\" \/><div class=\"wp-block-cover__inner-container is-layout-flow wp-block-cover-is-layout-flow\">\n<p class=\"has-text-align-center has-white-color has-text-color has-link-color has-large-font-size wp-elements-627d68f81dd41542b1a07035f3ad922c\"><a href=\"https:\/\/www.skjak.no\/arbeid\/ledige-stillinger\/\">Ledige stillingar<\/a><\/p>\n<\/div><\/div>\n\n\n\n<p><\/p>\n\n\n\n<div class=\"wp-block-cover\"><span aria-hidden=\"true\" class=\"wp-block-cover__background has-background-dim\"><\/span><img loading=\"lazy\" decoding=\"async\" width=\"2560\" height=\"1714\" class=\"wp-block-cover__image-background wp-image-5291\" alt=\"\" src=\"https:\/\/www.skjak.no\/wp-content\/uploads\/2024\/01\/AL6A2951-scaled.jpg\" data-object-fit=\"cover\" srcset=\"https:\/\/www.skjak.no\/wp-content\/uploads\/2024\/01\/AL6A2951-scaled.jpg 2560w, https:\/\/www.skjak.no\/wp-content\/uploads\/2024\/01\/AL6A2951-300x201.jpg 300w, https:\/\/www.skjak.no\/wp-content\/uploads\/2024\/01\/AL6A2951-1024x686.jpg 1024w, https:\/\/www.skjak.no\/wp-content\/uploads\/2024\/01\/AL6A2951-768x514.jpg 768w, https:\/\/www.skjak.no\/wp-content\/uploads\/2024\/01\/AL6A2951-1536x1029.jpg 1536w, https:\/\/www.skjak.no\/wp-content\/uploads\/2024\/01\/AL6A2951-2048x1371.jpg 2048w, https:\/\/www.skjak.no\/wp-content\/uploads\/2024\/01\/AL6A2951-500x335.jpg 500w, https:\/\/www.skjak.no\/wp-content\/uploads\/2024\/01\/AL6A2951-600x402.jpg 600w\" sizes=\"auto, (max-width: 2560px) 100vw, 2560px\" \/><div class=\"wp-block-cover__inner-container is-layout-flow wp-block-cover-is-layout-flow\">\n<p class=\"has-text-align-center has-white-color has-text-color has-link-color has-large-font-size wp-elements-2a47a6755fff72d2b78e46ee5349564e\"><a href=\"https:\/\/www.skjak.no\/kvardag\/lokalmiljoet\/\">Bedrifts<br>portrett<\/a><\/p>\n<\/div><\/div>\n<\/div>\n\n\n\n<div class=\"wp-block-column is-layout-flow wp-block-column-is-layout-flow\">\n<div class=\"wp-block-cover\"><span aria-hidden=\"true\" class=\"wp-block-cover__background has-background-dim\"><\/span><img loading=\"lazy\" decoding=\"async\" width=\"1335\" height=\"2000\" class=\"wp-block-cover__image-background wp-image-5293\" alt=\"\" src=\"https:\/\/www.skjak.no\/wp-content\/uploads\/2024\/01\/J1210710.DNG_.p.jpg\" data-object-fit=\"cover\" srcset=\"https:\/\/www.skjak.no\/wp-content\/uploads\/2024\/01\/J1210710.DNG_.p.jpg 1335w, https:\/\/www.skjak.no\/wp-content\/uploads\/2024\/01\/J1210710.DNG_.p-200x300.jpg 200w, https:\/\/www.skjak.no\/wp-content\/uploads\/2024\/01\/J1210710.DNG_.p-684x1024.jpg 684w, https:\/\/www.skjak.no\/wp-content\/uploads\/2024\/01\/J1210710.DNG_.p-768x1151.jpg 768w, https:\/\/www.skjak.no\/wp-content\/uploads\/2024\/01\/J1210710.DNG_.p-1025x1536.jpg 1025w, https:\/\/www.skjak.no\/wp-content\/uploads\/2024\/01\/J1210710.DNG_.p-334x500.jpg 334w, https:\/\/www.skjak.no\/wp-content\/uploads\/2024\/01\/J1210710.DNG_.p-600x899.jpg 600w\" sizes=\"auto, (max-width: 1335px) 100vw, 1335px\" \/><div class=\"wp-block-cover__inner-container is-layout-flow wp-block-cover-is-layout-flow\">\n<p class=\"has-text-align-center has-white-color has-text-color has-link-color has-large-font-size wp-elements-102a3e1a3dee9f7cef7252b8bb6ad053\"><a href=\"https:\/\/www.skjak.no\/etablere-bedrift\/\">Gr\u00fcnderbygda<\/a><\/p>\n<\/div><\/div>\n<\/div>\n\n\n\n<div class=\"wp-block-column is-layout-flow wp-block-column-is-layout-flow\">\n<div class=\"wp-block-cover\"><span aria-hidden=\"true\" class=\"wp-block-cover__background has-background-dim\"><\/span><img loading=\"lazy\" decoding=\"async\" width=\"1652\" height=\"1101\" class=\"wp-block-cover__image-background wp-image-3608\" alt=\"\" src=\"https:\/\/www.skjak.no\/wp-content\/uploads\/2022\/06\/VB03318-\u2013-for-web.jpg\" data-object-fit=\"cover\" srcset=\"https:\/\/www.skjak.no\/wp-content\/uploads\/2022\/06\/VB03318-\u2013-for-web.jpg 1652w, https:\/\/www.skjak.no\/wp-content\/uploads\/2022\/06\/VB03318-\u2013-for-web-300x200.jpg 300w, https:\/\/www.skjak.no\/wp-content\/uploads\/2022\/06\/VB03318-\u2013-for-web-1024x682.jpg 1024w, https:\/\/www.skjak.no\/wp-content\/uploads\/2022\/06\/VB03318-\u2013-for-web-768x512.jpg 768w, https:\/\/www.skjak.no\/wp-content\/uploads\/2022\/06\/VB03318-\u2013-for-web-1536x1024.jpg 1536w, https:\/\/www.skjak.no\/wp-content\/uploads\/2022\/06\/VB03318-\u2013-for-web-500x333.jpg 500w, https:\/\/www.skjak.no\/wp-content\/uploads\/2022\/06\/VB03318-\u2013-for-web-600x400.jpg 600w\" sizes=\"auto, (max-width: 1652px) 100vw, 1652px\" \/><div class=\"wp-block-cover__inner-container is-layout-flow wp-block-cover-is-layout-flow\">\n<p class=\"has-text-align-center has-white-color has-text-color has-link-color has-large-font-size wp-elements-300791d95c563bea615d87d7cbfd80ed\"><a href=\"https:\/\/www.skjak.no\/kvardag\/tomter-hus-og-hytter\/\">N\u00e6ringsliv<\/a><\/p>\n<\/div><\/div>\n<\/div>\n<\/div>\n\n\n\n<div class=\"wp-block-columns is-layout-flex wp-container-core-columns-is-layout-9d6595d7 wp-block-columns-is-layout-flex\">\n<div class=\"wp-block-column is-layout-flow wp-block-column-is-layout-flow\"><\/div>\n\n\n\n<div class=\"wp-block-column is-layout-flow wp-block-column-is-layout-flow\"><\/div>\n<\/div>\n<\/div><\/div>\n<\/div>\n<\/div>\n","protected":false},"excerpt":{"rendered":"","protected":false},"author":8,"featured_media":3101,"parent":0,"menu_order":0,"comment_status":"closed","ping_status":"closed","template":"","meta":{"_acf_changed":false,"inline_featured_image":false,"_uag_custom_page_level_css":"","footnotes":""},"class_list":["post-5972","page","type-page","status-publish","has-post-thumbnail","hentry"],"acf":[],"yoast_head":"<!-- This site is optimized with the Yoast SEO plugin v27.1.1 - https:\/\/yoast.com\/product\/yoast-seo-wordpress\/ -->\n<title>Jobb i Skj\u00e5k - Skj\u00e5k Kommune<\/title>\n<meta name=\"robots\" content=\"index, follow, max-snippet:-1, max-image-preview:large, max-video-preview:-1\" \/>\n<link rel=\"canonical\" href=\"https:\/\/www.skjak.no\/en\/jobb-i-skjak\/\" \/>\n<meta property=\"og:locale\" content=\"en_US\" \/>\n<meta property=\"og:type\" content=\"article\" \/>\n<meta property=\"og:title\" content=\"Jobb i Skj\u00e5k - Skj\u00e5k Kommune\" \/>\n<meta property=\"og:url\" content=\"https:\/\/www.skjak.no\/en\/jobb-i-skjak\/\" \/>\n<meta property=\"og:site_name\" content=\"Skj\u00e5k Kommune\" \/>\n<meta property=\"article:publisher\" content=\"https:\/\/www.facebook.com\/skjak.no\" \/>\n<meta property=\"article:modified_time\" content=\"2024-07-01T10:56:53+00:00\" \/>\n<meta property=\"og:image\" content=\"https:\/\/www.skjak.no\/wp-content\/uploads\/2021\/07\/Billingen_SCO_23072018785-scaled.jpg\" \/>\n\t<meta property=\"og:image:width\" content=\"2560\" \/>\n\t<meta property=\"og:image:height\" content=\"1707\" \/>\n\t<meta property=\"og:image:type\" content=\"image\/jpeg\" \/>\n<meta name=\"twitter:card\" content=\"summary_large_image\" \/>\n<meta name=\"twitter:label1\" content=\"Est. reading time\" \/>\n\t<meta name=\"twitter:data1\" content=\"2 minutes\" \/>\n<script type=\"application\/ld+json\" class=\"yoast-schema-graph\">{\"@context\":\"https:\/\/schema.org\",\"@graph\":[{\"@type\":\"WebPage\",\"@id\":\"https:\/\/www.skjak.no\/en\/jobb-i-skjak\/\",\"url\":\"https:\/\/www.skjak.no\/en\/jobb-i-skjak\/\",\"name\":\"Jobb i Skj\u00e5k - Skj\u00e5k Kommune\",\"isPartOf\":{\"@id\":\"https:\/\/www.skjak.no\/en\/#website\"},\"primaryImageOfPage\":{\"@id\":\"https:\/\/www.skjak.no\/en\/jobb-i-skjak\/#primaryimage\"},\"image\":{\"@id\":\"https:\/\/www.skjak.no\/en\/jobb-i-skjak\/#primaryimage\"},\"thumbnailUrl\":\"https:\/\/www.skjak.no\/wp-content\/uploads\/2021\/07\/Billingen_SCO_23072018785-scaled.jpg\",\"datePublished\":\"2024-07-01T10:54:56+00:00\",\"dateModified\":\"2024-07-01T10:56:53+00:00\",\"breadcrumb\":{\"@id\":\"https:\/\/www.skjak.no\/en\/jobb-i-skjak\/#breadcrumb\"},\"inLanguage\":\"en-US\",\"potentialAction\":[{\"@type\":\"ReadAction\",\"target\":[\"https:\/\/www.skjak.no\/en\/jobb-i-skjak\/\"]}]},{\"@type\":\"ImageObject\",\"inLanguage\":\"en-US\",\"@id\":\"https:\/\/www.skjak.no\/en\/jobb-i-skjak\/#primaryimage\",\"url\":\"https:\/\/www.skjak.no\/wp-content\/uploads\/2021\/07\/Billingen_SCO_23072018785-scaled.jpg\",\"contentUrl\":\"https:\/\/www.skjak.no\/wp-content\/uploads\/2021\/07\/Billingen_SCO_23072018785-scaled.jpg\",\"width\":2560,\"height\":1707},{\"@type\":\"BreadcrumbList\",\"@id\":\"https:\/\/www.skjak.no\/en\/jobb-i-skjak\/#breadcrumb\",\"itemListElement\":[{\"@type\":\"ListItem\",\"position\":1,\"name\":\"Heim\",\"item\":\"https:\/\/www.skjak.no\/en\/\"},{\"@type\":\"ListItem\",\"position\":2,\"name\":\"Jobb i Skj\u00e5k\"}]},{\"@type\":\"WebSite\",\"@id\":\"https:\/\/www.skjak.no\/en\/#website\",\"url\":\"https:\/\/www.skjak.no\/en\/\",\"name\":\"Skj\u00e5k Kommune\",\"description\":\"Livet i Skj\u00e5k - om \u00e5 bes\u00f8ke, arbeide og leve i Skj\u00e5k\",\"publisher\":{\"@id\":\"https:\/\/www.skjak.no\/en\/#organization\"},\"potentialAction\":[{\"@type\":\"SearchAction\",\"target\":{\"@type\":\"EntryPoint\",\"urlTemplate\":\"https:\/\/www.skjak.no\/en\/?s={search_term_string}\"},\"query-input\":{\"@type\":\"PropertyValueSpecification\",\"valueRequired\":true,\"valueName\":\"search_term_string\"}}],\"inLanguage\":\"en-US\"},{\"@type\":\"Organization\",\"@id\":\"https:\/\/www.skjak.no\/en\/#organization\",\"name\":\"Skj\u00e5k Kommune\",\"url\":\"https:\/\/www.skjak.no\/en\/\",\"logo\":{\"@type\":\"ImageObject\",\"inLanguage\":\"en-US\",\"@id\":\"https:\/\/www.skjak.no\/en\/#\/schema\/logo\/image\/\",\"url\":\"https:\/\/www.skjak.no\/wp-content\/uploads\/2021\/01\/Skjak_logo_1.svg\",\"contentUrl\":\"https:\/\/www.skjak.no\/wp-content\/uploads\/2021\/01\/Skjak_logo_1.svg\",\"caption\":\"Skj\u00e5k Kommune\"},\"image\":{\"@id\":\"https:\/\/www.skjak.no\/en\/#\/schema\/logo\/image\/\"},\"sameAs\":[\"https:\/\/www.facebook.com\/skjak.no\",\"https:\/\/www.instagram.com\/skjak.no\/\"]}]}<\/script>\n<!-- \/ Yoast SEO plugin. -->","yoast_head_json":{"title":"Jobb i Skj\u00e5k - Skj\u00e5k Kommune","robots":{"index":"index","follow":"follow","max-snippet":"max-snippet:-1","max-image-preview":"max-image-preview:large","max-video-preview":"max-video-preview:-1"},"canonical":"https:\/\/www.skjak.no\/en\/jobb-i-skjak\/","og_locale":"en_US","og_type":"article","og_title":"Jobb i Skj\u00e5k - Skj\u00e5k Kommune","og_url":"https:\/\/www.skjak.no\/en\/jobb-i-skjak\/","og_site_name":"Skj\u00e5k Kommune","article_publisher":"https:\/\/www.facebook.com\/skjak.no","article_modified_time":"2024-07-01T10:56:53+00:00","og_image":[{"width":2560,"height":1707,"url":"https:\/\/www.skjak.no\/wp-content\/uploads\/2021\/07\/Billingen_SCO_23072018785-scaled.jpg","type":"image\/jpeg"}],"twitter_card":"summary_large_image","twitter_misc":{"Est. reading time":"2 minutes"},"schema":{"@context":"https:\/\/schema.org","@graph":[{"@type":"WebPage","@id":"https:\/\/www.skjak.no\/en\/jobb-i-skjak\/","url":"https:\/\/www.skjak.no\/en\/jobb-i-skjak\/","name":"Jobb i Skj\u00e5k - Skj\u00e5k Kommune","isPartOf":{"@id":"https:\/\/www.skjak.no\/en\/#website"},"primaryImageOfPage":{"@id":"https:\/\/www.skjak.no\/en\/jobb-i-skjak\/#primaryimage"},"image":{"@id":"https:\/\/www.skjak.no\/en\/jobb-i-skjak\/#primaryimage"},"thumbnailUrl":"https:\/\/www.skjak.no\/wp-content\/uploads\/2021\/07\/Billingen_SCO_23072018785-scaled.jpg","datePublished":"2024-07-01T10:54:56+00:00","dateModified":"2024-07-01T10:56:53+00:00","breadcrumb":{"@id":"https:\/\/www.skjak.no\/en\/jobb-i-skjak\/#breadcrumb"},"inLanguage":"en-US","potentialAction":[{"@type":"ReadAction","target":["https:\/\/www.skjak.no\/en\/jobb-i-skjak\/"]}]},{"@type":"ImageObject","inLanguage":"en-US","@id":"https:\/\/www.skjak.no\/en\/jobb-i-skjak\/#primaryimage","url":"https:\/\/www.skjak.no\/wp-content\/uploads\/2021\/07\/Billingen_SCO_23072018785-scaled.jpg","contentUrl":"https:\/\/www.skjak.no\/wp-content\/uploads\/2021\/07\/Billingen_SCO_23072018785-scaled.jpg","width":2560,"height":1707},{"@type":"BreadcrumbList","@id":"https:\/\/www.skjak.no\/en\/jobb-i-skjak\/#breadcrumb","itemListElement":[{"@type":"ListItem","position":1,"name":"Heim","item":"https:\/\/www.skjak.no\/en\/"},{"@type":"ListItem","position":2,"name":"Jobb i Skj\u00e5k"}]},{"@type":"WebSite","@id":"https:\/\/www.skjak.no\/en\/#website","url":"https:\/\/www.skjak.no\/en\/","name":"Skj\u00e5k Kommune","description":"Livet i Skj\u00e5k - om \u00e5 bes\u00f8ke, arbeide og leve i Skj\u00e5k","publisher":{"@id":"https:\/\/www.skjak.no\/en\/#organization"},"potentialAction":[{"@type":"SearchAction","target":{"@type":"EntryPoint","urlTemplate":"https:\/\/www.skjak.no\/en\/?s={search_term_string}"},"query-input":{"@type":"PropertyValueSpecification","valueRequired":true,"valueName":"search_term_string"}}],"inLanguage":"en-US"},{"@type":"Organization","@id":"https:\/\/www.skjak.no\/en\/#organization","name":"Skj\u00e5k Kommune","url":"https:\/\/www.skjak.no\/en\/","logo":{"@type":"ImageObject","inLanguage":"en-US","@id":"https:\/\/www.skjak.no\/en\/#\/schema\/logo\/image\/","url":"https:\/\/www.skjak.no\/wp-content\/uploads\/2021\/01\/Skjak_logo_1.svg","contentUrl":"https:\/\/www.skjak.no\/wp-content\/uploads\/2021\/01\/Skjak_logo_1.svg","caption":"Skj\u00e5k Kommune"},"image":{"@id":"https:\/\/www.skjak.no\/en\/#\/schema\/logo\/image\/"},"sameAs":["https:\/\/www.facebook.com\/skjak.no","https:\/\/www.instagram.com\/skjak.no\/"]}]}},"uagb_featured_image_src":{"full":["https:\/\/www.skjak.no\/wp-content\/uploads\/2021\/07\/Billingen_SCO_23072018785-scaled.jpg",2560,1707,false],"thumbnail":["https:\/\/www.skjak.no\/wp-content\/uploads\/2021\/07\/Billingen_SCO_23072018785-150x150.jpg",150,150,true],"medium":["https:\/\/www.skjak.no\/wp-content\/uploads\/2021\/07\/Billingen_SCO_23072018785-300x200.jpg",300,200,true],"medium_large":["https:\/\/www.skjak.no\/wp-content\/uploads\/2021\/07\/Billingen_SCO_23072018785-768x512.jpg",640,427,true],"large":["https:\/\/www.skjak.no\/wp-content\/uploads\/2021\/07\/Billingen_SCO_23072018785-1024x683.jpg",640,427,true],"1536x1536":["https:\/\/www.skjak.no\/wp-content\/uploads\/2021\/07\/Billingen_SCO_23072018785-1536x1024.jpg",1536,1024,true],"2048x2048":["https:\/\/www.skjak.no\/wp-content\/uploads\/2021\/07\/Billingen_SCO_23072018785-2048x1365.jpg",2048,1365,true],"home_boxes":["https:\/\/www.skjak.no\/wp-content\/uploads\/2021\/07\/Billingen_SCO_23072018785-720x810.jpg",720,810,true],"logo":["https:\/\/www.skjak.no\/wp-content\/uploads\/2021\/07\/Billingen_SCO_23072018785-500x333.jpg",500,333,true],"main_banner":["https:\/\/www.skjak.no\/wp-content\/uploads\/2021\/07\/Billingen_SCO_23072018785-1920x869.jpg",1920,869,true],"main_banner_mobile":["https:\/\/www.skjak.no\/wp-content\/uploads\/2021\/07\/Billingen_SCO_23072018785-scaled.jpg",768,512,false],"home_posts":["https:\/\/www.skjak.no\/wp-content\/uploads\/2021\/07\/Billingen_SCO_23072018785-840x532.jpg",840,532,true],"home_posts_square":["https:\/\/www.skjak.no\/wp-content\/uploads\/2021\/07\/Billingen_SCO_23072018785-555x555.jpg",555,555,true],"archive":["https:\/\/www.skjak.no\/wp-content\/uploads\/2021\/07\/Billingen_SCO_23072018785-581x457.jpg",581,457,true],"archive_square":["https:\/\/www.skjak.no\/wp-content\/uploads\/2021\/07\/Billingen_SCO_23072018785-581x581.jpg",581,581,true],"header_image":["https:\/\/www.skjak.no\/wp-content\/uploads\/2021\/07\/Billingen_SCO_23072018785-1920x569.jpg",1920,569,true]},"uagb_author_info":{"display_name":"Kari Olstad","author_link":"https:\/\/www.skjak.no\/en\/author\/kario\/"},"uagb_comment_info":0,"uagb_excerpt":null,"_links":{"self":[{"href":"https:\/\/www.skjak.no\/en\/wp-json\/wp\/v2\/pages\/5972","targetHints":{"allow":["GET"]}}],"collection":[{"href":"https:\/\/www.skjak.no\/en\/wp-json\/wp\/v2\/pages"}],"about":[{"href":"https:\/\/www.skjak.no\/en\/wp-json\/wp\/v2\/types\/page"}],"author":[{"embeddable":true,"href":"https:\/\/www.skjak.no\/en\/wp-json\/wp\/v2\/users\/8"}],"replies":[{"embeddable":true,"href":"https:\/\/www.skjak.no\/en\/wp-json\/wp\/v2\/comments?post=5972"}],"version-history":[{"count":3,"href":"https:\/\/www.skjak.no\/en\/wp-json\/wp\/v2\/pages\/5972\/revisions"}],"predecessor-version":[{"id":5975,"href":"https:\/\/www.skjak.no\/en\/wp-json\/wp\/v2\/pages\/5972\/revisions\/5975"}],"wp:featuredmedia":[{"embeddable":true,"href":"https:\/\/www.skjak.no\/en\/wp-json\/wp\/v2\/media\/3101"}],"wp:attachment":[{"href":"https:\/\/www.skjak.no\/en\/wp-json\/wp\/v2\/media?parent=5972"}],"curies":[{"name":"wp","href":"https:\/\/api.w.org\/{rel}","templated":true}]}}